{"id":809,"date":"2025-04-08T00:47:00","date_gmt":"2025-04-07T21:47:00","guid":{"rendered":"http:\/\/maun-gerontoloji-bolumu.com\/?page_id=809"},"modified":"2025-04-13T04:37:27","modified_gmt":"2025-04-13T01:37:27","slug":"yaslilarin-bakim-ihtiyacinin-karsilanmasi","status":"publish","type":"page","link":"http:\/\/maun-gerontoloji-bolumu.com\/?page_id=809","title":{"rendered":"Ya\u015fl\u0131lar\u0131n Bak\u0131m \u0130htiyac\u0131n\u0131n Kar\u015f\u0131lanmas\u0131"},"content":{"rendered":"\n<div class=\"wp-block-columns alignwide is-layout-flex wp-container-core-columns-is-layout-0b577f17 wp-block-columns-is-layout-flex\" style=\"padding-top:0;padding-right:0;padding-bottom:0;padding-left:0\">\n<div class=\"wp-block-column is-vertically-aligned-center is-layout-flow wp-block-column-is-layout-flow\">\n<p class=\"has-text-align-left has-accent-color has-text-color has-link-color has-small-font-size wp-elements-d82caafafda3a92dc399acaa5d61469b\" style=\"font-style:normal;font-weight:600;text-transform:uppercase\">Ya\u015fl\u0131l\u0131kta bak\u0131m ihtiyac\u0131 art\u0131yor<\/p>\n\n\n\n<h2 class=\"wp-block-heading\">Kurumdan \u00f6nce evde bak\u0131m<\/h2>\n\n\n\n<p>Ya\u015fl\u0131l\u0131\u011f\u0131n bak\u0131ma ihtiya\u00e7 duymakla e\u015f tutulmamas\u0131 ve ya\u015fl\u0131lar\u0131n b\u00fcy\u00fck bir b\u00f6l\u00fcm\u00fcn\u00fcn ya\u015famlar\u0131nda y\u00fcksek d\u00fczeyde \u00f6zerkli\u011fe sahip olmalar\u0131na ra\u011fmen, ya\u015f ilerledik\u00e7e hastal\u0131klar\u0131n, engelliliklerin ve di\u011fer sa\u011fl\u0131k ve i\u015flev bozukluklar\u0131n\u0131n, dolay\u0131s\u0131yla da bak\u0131ma ba\u011f\u0131ml\u0131l\u0131\u011f\u0131n daha yayg\u0131n hale geldi\u011fi g\u00f6z ard\u0131 edilmemelidir.<\/p>\n\n\n\n<p>Bak\u0131m, sa\u011fl\u0131k sorunlar\u0131 olan ya\u015fl\u0131lar\u0131n ihtiya\u00e7lar\u0131n\u0131n kar\u015f\u0131lanmas\u0131nda giderek daha \u00f6nemli bir rol oynamaktad\u0131r. Di\u011fer \u015feylerin yan\u0131 s\u0131ra, insanlar\u0131n bak\u0131ma ihtiya\u00e7 duymalar\u0131na ve d\u0131\u015far\u0131dan yard\u0131ma ba\u011f\u0131ml\u0131 olmalar\u0131na ra\u011fmen, a\u015fina olduklar\u0131 ev ortam\u0131nda kalabilmelerini sa\u011flamaya belirleyici bir katk\u0131 sa\u011flamaktad\u0131r (Schaeffer ve Wingenfeld, 2004). <\/p>\n<\/div>\n\n\n\n<div class=\"wp-block-column is-layout-flow wp-block-column-is-layout-flow\" style=\"flex-basis:40%\">\n<figure class=\"wp-block-image size-full has-custom-border is-style-default\"><img loading=\"lazy\" decoding=\"async\" width=\"640\" height=\"392\" src=\"http:\/\/maun-gerontoloji-bolumu.com\/wp-content\/uploads\/2025\/04\/wheelchair-3948122_640.jpg\" alt=\"\" class=\"wp-image-1233\" style=\"border-radius:8px;aspect-ratio:1;object-fit:cover\" srcset=\"http:\/\/maun-gerontoloji-bolumu.com\/wp-content\/uploads\/2025\/04\/wheelchair-3948122_640.jpg 640w, http:\/\/maun-gerontoloji-bolumu.com\/wp-content\/uploads\/2025\/04\/wheelchair-3948122_640-300x184.jpg 300w\" sizes=\"auto, (max-width: 640px) 100vw, 640px\" \/><\/figure>\n<\/div>\n<\/div>\n","protected":false},"excerpt":{"rendered":"<p>Ya\u015fl\u0131l\u0131kta bak\u0131m ihtiyac\u0131 art\u0131yor Kurumdan \u00f6nce evde bak\u0131m Ya\u015fl\u0131l\u0131\u011f\u0131n bak\u0131ma ihtiya\u00e7 duymakla e\u015f tutulmamas\u0131 ve ya\u015fl\u0131lar\u0131n b\u00fcy\u00fck bir b\u00f6l\u00fcm\u00fcn\u00fcn ya\u015famlar\u0131nda y\u00fcksek d\u00fczeyde \u00f6zerkli\u011fe sahip olmalar\u0131na ra\u011fmen, ya\u015f ilerledik\u00e7e hastal\u0131klar\u0131n, engelliliklerin ve di\u011fer sa\u011fl\u0131k ve i\u015flev bozukluklar\u0131n\u0131n, dolay\u0131s\u0131yla da bak\u0131ma ba\u011f\u0131ml\u0131l\u0131\u011f\u0131n daha yayg\u0131n hale geldi\u011fi g\u00f6z ard\u0131 edilmemelidir. Bak\u0131m, sa\u011fl\u0131k sorunlar\u0131 [&hellip;]<\/p>\n","protected":false},"author":1,"featured_media":0,"parent":0,"menu_order":0,"comment_status":"closed","ping_status":"closed","template":"","meta":{"_themeisle_gutenberg_block_has_review":false,"footnotes":""},"class_list":["post-809","page","type-page","status-publish","hentry"],"_links":{"self":[{"href":"http:\/\/maun-gerontoloji-bolumu.com\/index.php?rest_route=\/wp\/v2\/pages\/809","targetHints":{"allow":["GET"]}}],"collection":[{"href":"http:\/\/maun-gerontoloji-bolumu.com\/index.php?rest_route=\/wp\/v2\/pages"}],"about":[{"href":"http:\/\/maun-gerontoloji-bolumu.com\/index.php?rest_route=\/wp\/v2\/types\/page"}],"author":[{"embeddable":true,"href":"http:\/\/maun-gerontoloji-bolumu.com\/index.php?rest_route=\/wp\/v2\/users\/1"}],"replies":[{"embeddable":true,"href":"http:\/\/maun-gerontoloji-bolumu.com\/index.php?rest_route=%2Fwp%2Fv2%2Fcomments&post=809"}],"version-history":[{"count":5,"href":"http:\/\/maun-gerontoloji-bolumu.com\/index.php?rest_route=\/wp\/v2\/pages\/809\/revisions"}],"predecessor-version":[{"id":1235,"href":"http:\/\/maun-gerontoloji-bolumu.com\/index.php?rest_route=\/wp\/v2\/pages\/809\/revisions\/1235"}],"wp:attachment":[{"href":"http:\/\/maun-gerontoloji-bolumu.com\/index.php?rest_route=%2Fwp%2Fv2%2Fmedia&parent=809"}],"curies":[{"name":"wp","href":"https:\/\/api.w.org\/{rel}","templated":true}]}}