{"id":806,"date":"2025-04-08T00:46:03","date_gmt":"2025-04-07T21:46:03","guid":{"rendered":"http:\/\/maun-gerontoloji-bolumu.com\/?page_id=806"},"modified":"2025-04-13T12:57:47","modified_gmt":"2025-04-13T09:57:47","slug":"prevensiyon-ve-rehabilitasyon","status":"publish","type":"page","link":"http:\/\/maun-gerontoloji-bolumu.com\/?page_id=806","title":{"rendered":"Prevensiyon ve Rehabilitasyon"},"content":{"rendered":"\n<div class=\"wp-block-columns alignwide is-layout-flex wp-container-core-columns-is-layout-0b577f17 wp-block-columns-is-layout-flex\" style=\"padding-top:0;padding-right:0;padding-bottom:0;padding-left:0\">\n<div class=\"wp-block-column is-vertically-aligned-center is-layout-flow wp-block-column-is-layout-flow\">\n<p class=\"has-text-align-left has-accent-color has-text-color has-link-color has-small-font-size wp-elements-5d1f1abcf55a33070c3d22b0922b52a6\" style=\"font-style:normal;font-weight:600;text-transform:uppercase\">Tedaviden \u00f6nce \u00f6nlem<\/p>\n\n\n\n<h2 class=\"wp-block-heading\">Birincil, ikincil ve \u00fc\u00e7\u00fcnc\u00fcl prevensiyonlar<\/h2>\n\n\n\n<p>Ba\u015flang\u0131\u00e7 \u200b\u200bnoktas\u0131 birincil, ikincil ve \u00fc\u00e7\u00fcnc\u00fcl prevensiyon aras\u0131ndaki ayr\u0131md\u0131r. Birincil \u00f6nleme (prevensiyon); e\u011fitim, koruma ve davran\u0131\u015f de\u011fi\u015fikli\u011fi \u00f6nlemlerinin yan\u0131 s\u0131ra ya\u015fam ko\u015fullar\u0131nda genel bir iyile\u015ftirmeyi i\u00e7erir. Temel risk fakt\u00f6rleri belirlenir, bunlar\u0131n \u00f6nlenmesi ve hafifletilmesi birincil \u00f6nlemenin odak noktas\u0131 olmal\u0131d\u0131r: yetersiz beslenme, fiziksel aktivite eksikli\u011fi, sa\u011fl\u0131ks\u0131z ya\u015fam tarz\u0131, di\u015f profilaksisinin eksikli\u011fi, \u00f6nleyici muayenelere yetersiz kat\u0131l\u0131m. Ya\u015fl\u0131l\u0131kta ba\u011f\u0131ms\u0131zl\u0131\u011f\u0131n korunmas\u0131na katk\u0131 sa\u011flayacak koruyucu \u00f6nlemler uygulan\u0131r ve tart\u0131\u015f\u0131l\u0131r. Bunlar\u0131n ba\u015f\u0131nda konut dan\u0131\u015fmanl\u0131\u011f\u0131 ve ya\u015fam alan\u0131 tasar\u0131m\u0131, d\u00fc\u015f\u00fck e\u015fikli dan\u0131\u015fmanl\u0131k hizmetleri ve \u00f6nleyici ev ziyaretleri geliyor.  Bir sonraki ad\u0131mda rehabilitasyonun \u00fc\u00e7 bi\u00e7imi olan \u00f6nleyici rehabilitasyon, genel rehabilitasyon, hedefli rehabilitasyon farkl\u0131la\u015ft\u0131r\u0131l\u0131r.  Rehabilitasyon olanaklar\u0131 ve geriatrik rehabilitasyonun etkileri ele al\u0131nmaktad\u0131r (G\u00f6rres ve Martin, 2004). <\/p>\n<\/div>\n\n\n\n<div class=\"wp-block-column is-layout-flow wp-block-column-is-layout-flow\" style=\"flex-basis:40%\">\n<figure class=\"wp-block-image size-full has-custom-border is-style-default\"><img loading=\"lazy\" decoding=\"async\" width=\"640\" height=\"426\" src=\"http:\/\/maun-gerontoloji-bolumu.com\/wp-content\/uploads\/2025\/04\/man-8645682_640.jpg\" alt=\"\" class=\"wp-image-1241\" style=\"border-radius:8px;aspect-ratio:1;object-fit:cover\" srcset=\"http:\/\/maun-gerontoloji-bolumu.com\/wp-content\/uploads\/2025\/04\/man-8645682_640.jpg 640w, http:\/\/maun-gerontoloji-bolumu.com\/wp-content\/uploads\/2025\/04\/man-8645682_640-300x200.jpg 300w, http:\/\/maun-gerontoloji-bolumu.com\/wp-content\/uploads\/2025\/04\/man-8645682_640-360x240.jpg 360w\" sizes=\"auto, (max-width: 640px) 100vw, 640px\" \/><\/figure>\n<\/div>\n<\/div>\n","protected":false},"excerpt":{"rendered":"<p>Tedaviden \u00f6nce \u00f6nlem Birincil, ikincil ve \u00fc\u00e7\u00fcnc\u00fcl prevensiyonlar Ba\u015flang\u0131\u00e7 \u200b\u200bnoktas\u0131 birincil, ikincil ve \u00fc\u00e7\u00fcnc\u00fcl prevensiyon aras\u0131ndaki ayr\u0131md\u0131r. Birincil \u00f6nleme (prevensiyon); e\u011fitim, koruma ve davran\u0131\u015f de\u011fi\u015fikli\u011fi \u00f6nlemlerinin yan\u0131 s\u0131ra ya\u015fam ko\u015fullar\u0131nda genel bir iyile\u015ftirmeyi i\u00e7erir. Temel risk fakt\u00f6rleri belirlenir, bunlar\u0131n \u00f6nlenmesi ve hafifletilmesi birincil \u00f6nlemenin odak noktas\u0131 olmal\u0131d\u0131r: yetersiz beslenme, fiziksel [&hellip;]<\/p>\n","protected":false},"author":1,"featured_media":0,"parent":0,"menu_order":0,"comment_status":"closed","ping_status":"closed","template":"","meta":{"_themeisle_gutenberg_block_has_review":false,"footnotes":""},"class_list":["post-806","page","type-page","status-publish","hentry"],"_links":{"self":[{"href":"http:\/\/maun-gerontoloji-bolumu.com\/index.php?rest_route=\/wp\/v2\/pages\/806","targetHints":{"allow":["GET"]}}],"collection":[{"href":"http:\/\/maun-gerontoloji-bolumu.com\/index.php?rest_route=\/wp\/v2\/pages"}],"about":[{"href":"http:\/\/maun-gerontoloji-bolumu.com\/index.php?rest_route=\/wp\/v2\/types\/page"}],"author":[{"embeddable":true,"href":"http:\/\/maun-gerontoloji-bolumu.com\/index.php?rest_route=\/wp\/v2\/users\/1"}],"replies":[{"embeddable":true,"href":"http:\/\/maun-gerontoloji-bolumu.com\/index.php?rest_route=%2Fwp%2Fv2%2Fcomments&post=806"}],"version-history":[{"count":5,"href":"http:\/\/maun-gerontoloji-bolumu.com\/index.php?rest_route=\/wp\/v2\/pages\/806\/revisions"}],"predecessor-version":[{"id":1275,"href":"http:\/\/maun-gerontoloji-bolumu.com\/index.php?rest_route=\/wp\/v2\/pages\/806\/revisions\/1275"}],"wp:attachment":[{"href":"http:\/\/maun-gerontoloji-bolumu.com\/index.php?rest_route=%2Fwp%2Fv2%2Fmedia&parent=806"}],"curies":[{"name":"wp","href":"https:\/\/api.w.org\/{rel}","templated":true}]}}