{"id":797,"date":"2025-04-08T00:43:58","date_gmt":"2025-04-07T21:43:58","guid":{"rendered":"http:\/\/maun-gerontoloji-bolumu.com\/?page_id=797"},"modified":"2025-04-13T04:27:14","modified_gmt":"2025-04-13T01:27:14","slug":"yaslilikta-psikosomatik-ve-psikoterapi","status":"publish","type":"page","link":"http:\/\/maun-gerontoloji-bolumu.com\/?page_id=797","title":{"rendered":"Ya\u015fl\u0131l\u0131kta Psikosomatik ve Psikoterapi"},"content":{"rendered":"\n<div class=\"wp-block-columns alignwide is-layout-flex wp-container-core-columns-is-layout-0b577f17 wp-block-columns-is-layout-flex\" style=\"padding-top:0;padding-right:0;padding-bottom:0;padding-left:0\">\n<div class=\"wp-block-column is-vertically-aligned-center is-layout-flow wp-block-column-is-layout-flow\">\n<p class=\"has-text-align-left has-accent-color has-text-color has-link-color has-small-font-size wp-elements-c7413bb26c7304fd5cbd72cb6e0b964b\" style=\"font-style:normal;font-weight:600;text-transform:uppercase\">\u0130htiyaca ra\u011fmen dikkate al\u0131nm\u0131yor<\/p>\n\n\n\n<h2 class=\"wp-block-heading\">Ya\u015fl\u0131l\u0131kta psikoterapi ihtiyac\u0131 <\/h2>\n\n\n\n<p>Ya\u015fl\u0131lar\u0131n zihinsel ve psikosomatik rahats\u0131zl\u0131klar\u0131 orta ya\u015fl\u0131larla ayn\u0131 say\u0131da olmas\u0131na ra\u011fmen, ya\u015fl\u0131lar &#8220;belirti sans\u00fcr\u00fcne&#8221; tabi tutulmaktad\u0131r. Psikosomatik psikoterap\u00f6tik tedavi yakla\u015f\u0131mlar\u0131yla iyile\u015fme \u015fanslar\u0131n\u0131n y\u00fcksek oldu\u011funu \u00e7o\u011fu zaman kendileri de bilmezler ve doktorlar\u0131 da hen\u00fcz bu tedavi se\u00e7ene\u011fini de\u011ferlendirmezler. \u0130htiya\u00e7 tart\u0131\u015f\u0131lmaz olmakla birlikte, 60 ya\u015f ve \u00fczeri ya\u015fl\u0131lar\u0131n psikoterap\u00f6tik bak\u0131mda temsil oran\u0131 hala \u00f6nemli \u00f6l\u00e7\u00fcde d\u00fc\u015f\u00fckt\u00fcr (Heuft ve Schneider, 2004). <\/p>\n<\/div>\n\n\n\n<div class=\"wp-block-column is-layout-flow wp-block-column-is-layout-flow\" style=\"flex-basis:40%\">\n<figure class=\"wp-block-image size-full has-custom-border is-style-default\"><img loading=\"lazy\" decoding=\"async\" width=\"640\" height=\"427\" src=\"http:\/\/maun-gerontoloji-bolumu.com\/wp-content\/uploads\/2025\/04\/mask-3829017_640.jpg\" alt=\"\" class=\"wp-image-1227\" style=\"border-radius:8px;aspect-ratio:1;object-fit:cover\" srcset=\"http:\/\/maun-gerontoloji-bolumu.com\/wp-content\/uploads\/2025\/04\/mask-3829017_640.jpg 640w, http:\/\/maun-gerontoloji-bolumu.com\/wp-content\/uploads\/2025\/04\/mask-3829017_640-300x200.jpg 300w, http:\/\/maun-gerontoloji-bolumu.com\/wp-content\/uploads\/2025\/04\/mask-3829017_640-360x240.jpg 360w\" sizes=\"auto, (max-width: 640px) 100vw, 640px\" \/><\/figure>\n<\/div>\n<\/div>\n","protected":false},"excerpt":{"rendered":"<p>\u0130htiyaca ra\u011fmen dikkate al\u0131nm\u0131yor Ya\u015fl\u0131l\u0131kta psikoterapi ihtiyac\u0131 Ya\u015fl\u0131lar\u0131n zihinsel ve psikosomatik rahats\u0131zl\u0131klar\u0131 orta ya\u015fl\u0131larla ayn\u0131 say\u0131da olmas\u0131na ra\u011fmen, ya\u015fl\u0131lar &#8220;belirti sans\u00fcr\u00fcne&#8221; tabi tutulmaktad\u0131r. Psikosomatik psikoterap\u00f6tik tedavi yakla\u015f\u0131mlar\u0131yla iyile\u015fme \u015fanslar\u0131n\u0131n y\u00fcksek oldu\u011funu \u00e7o\u011fu zaman kendileri de bilmezler ve doktorlar\u0131 da hen\u00fcz bu tedavi se\u00e7ene\u011fini de\u011ferlendirmezler. \u0130htiya\u00e7 tart\u0131\u015f\u0131lmaz olmakla birlikte, 60 ya\u015f [&hellip;]<\/p>\n","protected":false},"author":1,"featured_media":0,"parent":0,"menu_order":0,"comment_status":"closed","ping_status":"closed","template":"","meta":{"_themeisle_gutenberg_block_has_review":false,"footnotes":""},"class_list":["post-797","page","type-page","status-publish","hentry"],"_links":{"self":[{"href":"http:\/\/maun-gerontoloji-bolumu.com\/index.php?rest_route=\/wp\/v2\/pages\/797","targetHints":{"allow":["GET"]}}],"collection":[{"href":"http:\/\/maun-gerontoloji-bolumu.com\/index.php?rest_route=\/wp\/v2\/pages"}],"about":[{"href":"http:\/\/maun-gerontoloji-bolumu.com\/index.php?rest_route=\/wp\/v2\/types\/page"}],"author":[{"embeddable":true,"href":"http:\/\/maun-gerontoloji-bolumu.com\/index.php?rest_route=\/wp\/v2\/users\/1"}],"replies":[{"embeddable":true,"href":"http:\/\/maun-gerontoloji-bolumu.com\/index.php?rest_route=%2Fwp%2Fv2%2Fcomments&post=797"}],"version-history":[{"count":3,"href":"http:\/\/maun-gerontoloji-bolumu.com\/index.php?rest_route=\/wp\/v2\/pages\/797\/revisions"}],"predecessor-version":[{"id":1228,"href":"http:\/\/maun-gerontoloji-bolumu.com\/index.php?rest_route=\/wp\/v2\/pages\/797\/revisions\/1228"}],"wp:attachment":[{"href":"http:\/\/maun-gerontoloji-bolumu.com\/index.php?rest_route=%2Fwp%2Fv2%2Fmedia&parent=797"}],"curies":[{"name":"wp","href":"https:\/\/api.w.org\/{rel}","templated":true}]}}