{"id":786,"date":"2025-04-08T00:35:55","date_gmt":"2025-04-07T21:35:55","guid":{"rendered":"http:\/\/maun-gerontoloji-bolumu.com\/?page_id=786"},"modified":"2025-04-13T03:58:11","modified_gmt":"2025-04-13T00:58:11","slug":"yaslilikta-sosyal-butunlesme-ve-uretkenlik","status":"publish","type":"page","link":"http:\/\/maun-gerontoloji-bolumu.com\/?page_id=786","title":{"rendered":"Ya\u015fl\u0131l\u0131kta Sosyal B\u00fct\u00fcnle\u015fme ve \u00dcretkenlik"},"content":{"rendered":"\n<div class=\"wp-block-columns alignwide is-layout-flex wp-container-core-columns-is-layout-0b577f17 wp-block-columns-is-layout-flex\" style=\"padding-top:0;padding-right:0;padding-bottom:0;padding-left:0\">\n<div class=\"wp-block-column is-vertically-aligned-center is-layout-flow wp-block-column-is-layout-flow\">\n<p class=\"has-text-align-left has-accent-color has-text-color has-link-color has-small-font-size wp-elements-7df91ad6eeea853398136af7a22d22a6\" style=\"font-style:normal;font-weight:600;text-transform:uppercase\">Ya\u015fam ve Ya\u015flanma Tarzlar\u0131 <\/p>\n\n\n\n<h2 class=\"wp-block-heading\">Ya\u015flanma s\u00fcrecini belirleyen sosyal fakt\u00f6rler<\/h2>\n\n\n\n<p>\u0130nsanlar ya\u015fland\u0131klar\u0131nda genellikle bunu tek ba\u015flar\u0131na deneyimlemezler. Aksine, insanlar genellikle kendi ya\u015flanmalar\u0131n\u0131 yaln\u0131zca sosyal ili\u015fkileri ba\u011flam\u0131nda deneyimler ve fark ederler; \u00f6rne\u011fin, di\u011fer insanlar\u0131n nas\u0131l ya\u015fland\u0131\u011f\u0131n\u0131 fark ettiklerinde, ba\u015fka bir ki\u015fiyle onlarca y\u0131l s\u00fcren bir ili\u015fkinin \u00f6zel do\u011fas\u0131n\u0131n fark\u0131na vard\u0131klar\u0131nda veya daha gen\u00e7 bir ki\u015fiyle temas halinde olduklar\u0131nda kendi ya\u015flar\u0131n\u0131n hat\u0131rlat\u0131ld\u0131\u011f\u0131 durumlarda, kendi ya\u015flanmalar\u0131n\u0131 kavrarlar. <\/p>\n\n\n\n<p>Ancak \u00e7ok az say\u0131da sosyal ili\u015fki bir insan\u0131n t\u00fcm ya\u015fam\u0131 boyunca s\u00fcrer; bir\u00e7ok ili\u015fki, insanlar\u0131n hayatlar\u0131n\u0131n sadece s\u0131n\u0131rl\u0131 bir d\u00f6neminde mevcuttur. Ya\u015fl\u0131lar\u0131n sosyal \u00e7evresindeki bu de\u011fi\u015fimler, bir yandan ya\u015fa ba\u011fl\u0131 kay\u0131plarla ba\u015fa \u00e7\u0131kmaya, ya\u015fa ba\u011fl\u0131 hedef ve ihtiya\u00e7lar\u0131n ger\u00e7ekle\u015fmesine katk\u0131da bulunarak ya\u015flanma s\u00fcrecini \u015fekillendirmektedir. \u00d6te yandan, sosyal ili\u015fkilerdeki belirli talepler ve zorlanmalar yaln\u0131zca ya\u015fl\u0131l\u0131\u011f\u0131n bir kaderini temsil etmez, ayn\u0131 zamanda her bireyin tipik ya\u015fam ve ya\u015flanma tarzlar\u0131n\u0131n (kendisinin) tasarlad\u0131\u011f\u0131 bir sonucudur. <\/p>\n\n\n\n<p>Gerontolojik uygulamalar, genellikle ya\u015fl\u0131 insanlarla profesyonel ili\u015fkiler gerektirir; bu ili\u015fkiler olmadan ne bak\u0131m, ne dan\u0131\u015fmanl\u0131k, ne de refah m\u00fcmk\u00fcn olur. Gerontolojik m\u00fcdahalelerin bir\u00e7o\u011fu ya\u015fl\u0131l\u0131kta g\u00fcnl\u00fck ya\u015fam ko\u015fullar\u0131n\u0131 ve olanaklar\u0131n\u0131 de\u011fi\u015ftirmeyi ve dolay\u0131s\u0131yla do\u011frudan veya dolayl\u0131 olarak ya\u015fl\u0131lar\u0131n toplumsal b\u00fct\u00fcnle\u015fmesini ve toplumsal davran\u0131\u015flar\u0131n\u0131 de\u011fi\u015ftirmeyi ama\u00e7lamaktad\u0131r (Lang, 2004).<\/p>\n<\/div>\n\n\n\n<div class=\"wp-block-column is-layout-flow wp-block-column-is-layout-flow\" style=\"flex-basis:40%\">\n<figure class=\"wp-block-image size-full has-custom-border is-style-default\"><img loading=\"lazy\" decoding=\"async\" width=\"640\" height=\"426\" src=\"http:\/\/maun-gerontoloji-bolumu.com\/wp-content\/uploads\/2025\/04\/woman-208723_640.jpg\" alt=\"\" class=\"wp-image-1210\" style=\"border-radius:8px;aspect-ratio:1;object-fit:cover\" srcset=\"http:\/\/maun-gerontoloji-bolumu.com\/wp-content\/uploads\/2025\/04\/woman-208723_640.jpg 640w, http:\/\/maun-gerontoloji-bolumu.com\/wp-content\/uploads\/2025\/04\/woman-208723_640-300x200.jpg 300w, http:\/\/maun-gerontoloji-bolumu.com\/wp-content\/uploads\/2025\/04\/woman-208723_640-360x240.jpg 360w\" sizes=\"auto, (max-width: 640px) 100vw, 640px\" \/><\/figure>\n<\/div>\n<\/div>\n","protected":false},"excerpt":{"rendered":"<p>Ya\u015fam ve Ya\u015flanma Tarzlar\u0131 Ya\u015flanma s\u00fcrecini belirleyen sosyal fakt\u00f6rler \u0130nsanlar ya\u015fland\u0131klar\u0131nda genellikle bunu tek ba\u015flar\u0131na deneyimlemezler. Aksine, insanlar genellikle kendi ya\u015flanmalar\u0131n\u0131 yaln\u0131zca sosyal ili\u015fkileri ba\u011flam\u0131nda deneyimler ve fark ederler; \u00f6rne\u011fin, di\u011fer insanlar\u0131n nas\u0131l ya\u015fland\u0131\u011f\u0131n\u0131 fark ettiklerinde, ba\u015fka bir ki\u015fiyle onlarca y\u0131l s\u00fcren bir ili\u015fkinin \u00f6zel do\u011fas\u0131n\u0131n fark\u0131na vard\u0131klar\u0131nda veya daha [&hellip;]<\/p>\n","protected":false},"author":1,"featured_media":0,"parent":0,"menu_order":0,"comment_status":"closed","ping_status":"closed","template":"","meta":{"_themeisle_gutenberg_block_has_review":false,"footnotes":""},"class_list":["post-786","page","type-page","status-publish","hentry"],"_links":{"self":[{"href":"http:\/\/maun-gerontoloji-bolumu.com\/index.php?rest_route=\/wp\/v2\/pages\/786","targetHints":{"allow":["GET"]}}],"collection":[{"href":"http:\/\/maun-gerontoloji-bolumu.com\/index.php?rest_route=\/wp\/v2\/pages"}],"about":[{"href":"http:\/\/maun-gerontoloji-bolumu.com\/index.php?rest_route=\/wp\/v2\/types\/page"}],"author":[{"embeddable":true,"href":"http:\/\/maun-gerontoloji-bolumu.com\/index.php?rest_route=\/wp\/v2\/users\/1"}],"replies":[{"embeddable":true,"href":"http:\/\/maun-gerontoloji-bolumu.com\/index.php?rest_route=%2Fwp%2Fv2%2Fcomments&post=786"}],"version-history":[{"count":8,"href":"http:\/\/maun-gerontoloji-bolumu.com\/index.php?rest_route=\/wp\/v2\/pages\/786\/revisions"}],"predecessor-version":[{"id":1212,"href":"http:\/\/maun-gerontoloji-bolumu.com\/index.php?rest_route=\/wp\/v2\/pages\/786\/revisions\/1212"}],"wp:attachment":[{"href":"http:\/\/maun-gerontoloji-bolumu.com\/index.php?rest_route=%2Fwp%2Fv2%2Fmedia&parent=786"}],"curies":[{"name":"wp","href":"https:\/\/api.w.org\/{rel}","templated":true}]}}