{"id":784,"date":"2025-04-08T00:34:25","date_gmt":"2025-04-07T21:34:25","guid":{"rendered":"http:\/\/maun-gerontoloji-bolumu.com\/?page_id=784"},"modified":"2025-04-13T03:11:44","modified_gmt":"2025-04-13T00:11:44","slug":"yaslilarin-mekansal-sosyal-cevreleri","status":"publish","type":"page","link":"http:\/\/maun-gerontoloji-bolumu.com\/?page_id=784","title":{"rendered":"Ya\u015fl\u0131lar\u0131n Mekansal-Sosyal \u00c7evreleri"},"content":{"rendered":"\n<div class=\"wp-block-columns alignwide is-layout-flex wp-container-core-columns-is-layout-0b577f17 wp-block-columns-is-layout-flex\" style=\"padding-top:0;padding-right:0;padding-bottom:0;padding-left:0\">\n<div class=\"wp-block-column is-vertically-aligned-center is-layout-flow wp-block-column-is-layout-flow\">\n<p class=\"has-text-align-left has-accent-color has-text-color has-link-color has-small-font-size wp-elements-16db6cefcca0a12e596f7d4cf861f6e8\" style=\"font-style:normal;font-weight:600;text-transform:uppercase\">Ya\u015fl\u0131l\u0131kta Mekansal ve sosyal \u00e7evreler<\/p>\n\n\n\n<h2 class=\"wp-block-heading\">Ekolojik Gerontolojinin Alan\u0131<\/h2>\n\n\n\n<p>Gerontolojinin uzmanl\u0131k sisteminde, bu konu, ya\u015fl\u0131 insanlar\u0131n \u00e7evresine odaklanarak, \u00f6ncelikli olarak ekolojik gerontolojinin ara\u015ft\u0131rma sorular\u0131n\u0131 ve bulgular\u0131n\u0131 ele almaktad\u0131r. Ekogerontolojik ara\u015ft\u0131rman\u0131n temel ama\u00e7lar\u0131ndan biri, ya\u015flanan insanlar ile \u00e7evreleri aras\u0131ndaki etkile\u015fimi farkl\u0131 d\u00fczeylerde (\u00f6rne\u011fin ikamet konutlar\u0131n\u0131 mikro d\u00fczeyde, kom\u015fuluk ili\u015fkilerini mezo d\u00fczeyde veya kentsel ve k\u0131rsal alanlar\u0131 makro d\u00fczeyde) tan\u0131mlamakt\u0131r. \u0130kinci ama\u00e7, ya\u015fl\u0131 insanlar\u0131n a\u00e7\u0131klay\u0131c\u0131 rolleri a\u00e7\u0131s\u0131ndan \u00e7evrelerini incelemektir, \u00f6rne\u011fin ba\u011f\u0131ms\u0131zl\u0131k veya \u00f6znel refah gibi &#8220;outcome&#8221; de\u011fi\u015fkenleri s\u00f6z konusu oldu\u011funda. Son olarak \u00fc\u00e7\u00fcnc\u00fc ama\u00e7, tan\u0131mlama ve a\u00e7\u0131klama y\u00f6n\u00fcnde elde edilen i\u00e7g\u00f6r\u00fclerin, intervensiyonlar (m\u00fcdahaleler) yoluyla ya\u015fl\u0131 insanlar\u0131n &#8220;d\u00fcnyas\u0131n\u0131&#8221; s\u00fcrd\u00fcr\u00fclebilir \u015fekilde iyile\u015ftirmeye de hizmet edebilece\u011fi umuduna dayanmaktad\u0131r (Mollenkopf, Oswald, Wahl ve Zimber, 2004). <\/p>\n<\/div>\n\n\n\n<div class=\"wp-block-column is-layout-flow wp-block-column-is-layout-flow\" style=\"flex-basis:40%\">\n<figure class=\"wp-block-image size-full has-custom-border is-style-default\"><img loading=\"lazy\" decoding=\"async\" width=\"640\" height=\"430\" src=\"http:\/\/maun-gerontoloji-bolumu.com\/wp-content\/uploads\/2025\/04\/family-4937226_640.jpg\" alt=\"\" class=\"wp-image-1189\" style=\"border-radius:8px;aspect-ratio:1;object-fit:cover\" srcset=\"http:\/\/maun-gerontoloji-bolumu.com\/wp-content\/uploads\/2025\/04\/family-4937226_640.jpg 640w, http:\/\/maun-gerontoloji-bolumu.com\/wp-content\/uploads\/2025\/04\/family-4937226_640-300x202.jpg 300w\" sizes=\"auto, (max-width: 640px) 100vw, 640px\" \/><\/figure>\n<\/div>\n<\/div>\n","protected":false},"excerpt":{"rendered":"<p>Ya\u015fl\u0131l\u0131kta Mekansal ve sosyal \u00e7evreler Ekolojik Gerontolojinin Alan\u0131 Gerontolojinin uzmanl\u0131k sisteminde, bu konu, ya\u015fl\u0131 insanlar\u0131n \u00e7evresine odaklanarak, \u00f6ncelikli olarak ekolojik gerontolojinin ara\u015ft\u0131rma sorular\u0131n\u0131 ve bulgular\u0131n\u0131 ele almaktad\u0131r. Ekogerontolojik ara\u015ft\u0131rman\u0131n temel ama\u00e7lar\u0131ndan biri, ya\u015flanan insanlar ile \u00e7evreleri aras\u0131ndaki etkile\u015fimi farkl\u0131 d\u00fczeylerde (\u00f6rne\u011fin ikamet konutlar\u0131n\u0131 mikro d\u00fczeyde, kom\u015fuluk ili\u015fkilerini mezo d\u00fczeyde veya [&hellip;]<\/p>\n","protected":false},"author":1,"featured_media":0,"parent":0,"menu_order":0,"comment_status":"closed","ping_status":"closed","template":"","meta":{"_themeisle_gutenberg_block_has_review":false,"footnotes":""},"class_list":["post-784","page","type-page","status-publish","hentry"],"_links":{"self":[{"href":"http:\/\/maun-gerontoloji-bolumu.com\/index.php?rest_route=\/wp\/v2\/pages\/784","targetHints":{"allow":["GET"]}}],"collection":[{"href":"http:\/\/maun-gerontoloji-bolumu.com\/index.php?rest_route=\/wp\/v2\/pages"}],"about":[{"href":"http:\/\/maun-gerontoloji-bolumu.com\/index.php?rest_route=\/wp\/v2\/types\/page"}],"author":[{"embeddable":true,"href":"http:\/\/maun-gerontoloji-bolumu.com\/index.php?rest_route=\/wp\/v2\/users\/1"}],"replies":[{"embeddable":true,"href":"http:\/\/maun-gerontoloji-bolumu.com\/index.php?rest_route=%2Fwp%2Fv2%2Fcomments&post=784"}],"version-history":[{"count":7,"href":"http:\/\/maun-gerontoloji-bolumu.com\/index.php?rest_route=\/wp\/v2\/pages\/784\/revisions"}],"predecessor-version":[{"id":1190,"href":"http:\/\/maun-gerontoloji-bolumu.com\/index.php?rest_route=\/wp\/v2\/pages\/784\/revisions\/1190"}],"wp:attachment":[{"href":"http:\/\/maun-gerontoloji-bolumu.com\/index.php?rest_route=%2Fwp%2Fv2%2Fmedia&parent=784"}],"curies":[{"name":"wp","href":"https:\/\/api.w.org\/{rel}","templated":true}]}}