{"id":776,"date":"2025-04-08T00:27:30","date_gmt":"2025-04-07T21:27:30","guid":{"rendered":"http:\/\/maun-gerontoloji-bolumu.com\/?page_id=776"},"modified":"2025-04-13T05:56:15","modified_gmt":"2025-04-13T02:56:15","slug":"gelisim-odevleri","status":"publish","type":"page","link":"http:\/\/maun-gerontoloji-bolumu.com\/?page_id=776","title":{"rendered":"Geli\u015fim \u00d6devleri"},"content":{"rendered":"\n<div class=\"wp-block-columns alignwide is-layout-flex wp-container-core-columns-is-layout-0b577f17 wp-block-columns-is-layout-flex\" style=\"padding-top:0;padding-right:0;padding-bottom:0;padding-left:0\">\n<div class=\"wp-block-column is-vertically-aligned-center is-layout-flow wp-block-column-is-layout-flow\">\n<p class=\"has-text-align-left has-accent-color has-text-color has-link-color has-small-font-size wp-elements-cd51cc49c914a102175a91387a86b240\" style=\"font-style:normal;font-weight:600;text-transform:uppercase\">Biyolojik, sosyal ve ki\u015filikle ilgili<\/p>\n\n\n\n<h2 class=\"wp-block-heading\">\u0130zlenen ve terk edilen hedefler<\/h2>\n\n\n\n<p>Geli\u015fim \u00f6devleri veya geli\u015fimsel g\u00f6revler, biyolojik, sosyal ve ki\u015filikle ilgili fakt\u00f6rler nedeniyle belirli bir ya\u015ftaki insanlar\u0131n belirli bir \u00f6l\u00e7\u00fcde ba\u015fa \u00e7\u0131kmak zorunda kald\u0131\u011f\u0131 konulard\u0131r. Ya\u015fl\u0131l\u0131kta bu konular ya\u015fam\u0131n erken d\u00f6nemlerine g\u00f6re daha az eylemseldir \u00e7\u00fcnk\u00fc ya\u015fl\u0131 ve \u00e7ok ya\u015fl\u0131 insanlardan i\u015f ve aile alanlar\u0131ndaki sosyal beklentiler d\u00fc\u015f\u00fckt\u00fcr veya hi\u00e7 yoktur.  Ya\u015fl\u0131l\u0131kta, insanlar\u0131n topluma belirleyici bir katk\u0131da bulunmalar\u0131 art\u0131k beklenmez. Dolay\u0131s\u0131yla ya\u015fl\u0131l\u0131kta bir yandan daha fazla sosyal \u00f6zg\u00fcrl\u00fck vard\u0131r ve bu \u00f6zg\u00fcrl\u00fck ki\u015fisel ama\u00e7lar\u0131n geli\u015ftirilmesinde kullan\u0131labilir. \u00d6te yandan ya\u015fl\u0131l\u0131kta biyolojik fakt\u00f6rler de b\u00fcy\u00fck \u00f6nem ta\u015f\u0131yor; sa\u011fl\u0131k sorunlar\u0131 ve k\u0131s\u0131tlamalarla ba\u015fa \u00e7\u0131kma, ki\u015finin kendi \u00f6l\u00fcm\u00fcn\u00fcn yakla\u015fmas\u0131 gibi. Geli\u015fimsel g\u00f6revler bu nedenle yaln\u0131zca ki\u015finin hangi hedefleri izlemesi gerekti\u011fini de\u011fil, ayn\u0131 zamanda ki\u015finin belirli bir ya\u015fta hangi hedeflerden uzakla\u015fmas\u0131 gerekti\u011fini de tan\u0131mlar (Freund, 2004). <\/p>\n<\/div>\n\n\n\n<div class=\"wp-block-column is-layout-flow wp-block-column-is-layout-flow\" style=\"flex-basis:40%\">\n<figure class=\"wp-block-image size-full is-resized has-custom-border is-style-default\"><img loading=\"lazy\" decoding=\"async\" width=\"640\" height=\"427\" src=\"http:\/\/maun-gerontoloji-bolumu.com\/wp-content\/uploads\/2025\/04\/trees-5605176_640.jpg\" alt=\"\" class=\"wp-image-1272\" style=\"border-radius:8px;aspect-ratio:1;object-fit:cover;width:440px;height:auto\" srcset=\"http:\/\/maun-gerontoloji-bolumu.com\/wp-content\/uploads\/2025\/04\/trees-5605176_640.jpg 640w, http:\/\/maun-gerontoloji-bolumu.com\/wp-content\/uploads\/2025\/04\/trees-5605176_640-300x200.jpg 300w, http:\/\/maun-gerontoloji-bolumu.com\/wp-content\/uploads\/2025\/04\/trees-5605176_640-360x240.jpg 360w\" sizes=\"auto, (max-width: 640px) 100vw, 640px\" \/><\/figure>\n<\/div>\n<\/div>\n","protected":false},"excerpt":{"rendered":"<p>Biyolojik, sosyal ve ki\u015filikle ilgili \u0130zlenen ve terk edilen hedefler Geli\u015fim \u00f6devleri veya geli\u015fimsel g\u00f6revler, biyolojik, sosyal ve ki\u015filikle ilgili fakt\u00f6rler nedeniyle belirli bir ya\u015ftaki insanlar\u0131n belirli bir \u00f6l\u00e7\u00fcde ba\u015fa \u00e7\u0131kmak zorunda kald\u0131\u011f\u0131 konulard\u0131r. Ya\u015fl\u0131l\u0131kta bu konular ya\u015fam\u0131n erken d\u00f6nemlerine g\u00f6re daha az eylemseldir \u00e7\u00fcnk\u00fc ya\u015fl\u0131 ve \u00e7ok ya\u015fl\u0131 insanlardan [&hellip;]<\/p>\n","protected":false},"author":1,"featured_media":0,"parent":0,"menu_order":0,"comment_status":"closed","ping_status":"closed","template":"","meta":{"_themeisle_gutenberg_block_has_review":false,"footnotes":""},"class_list":["post-776","page","type-page","status-publish","hentry"],"_links":{"self":[{"href":"http:\/\/maun-gerontoloji-bolumu.com\/index.php?rest_route=\/wp\/v2\/pages\/776","targetHints":{"allow":["GET"]}}],"collection":[{"href":"http:\/\/maun-gerontoloji-bolumu.com\/index.php?rest_route=\/wp\/v2\/pages"}],"about":[{"href":"http:\/\/maun-gerontoloji-bolumu.com\/index.php?rest_route=\/wp\/v2\/types\/page"}],"author":[{"embeddable":true,"href":"http:\/\/maun-gerontoloji-bolumu.com\/index.php?rest_route=\/wp\/v2\/users\/1"}],"replies":[{"embeddable":true,"href":"http:\/\/maun-gerontoloji-bolumu.com\/index.php?rest_route=%2Fwp%2Fv2%2Fcomments&post=776"}],"version-history":[{"count":9,"href":"http:\/\/maun-gerontoloji-bolumu.com\/index.php?rest_route=\/wp\/v2\/pages\/776\/revisions"}],"predecessor-version":[{"id":1273,"href":"http:\/\/maun-gerontoloji-bolumu.com\/index.php?rest_route=\/wp\/v2\/pages\/776\/revisions\/1273"}],"wp:attachment":[{"href":"http:\/\/maun-gerontoloji-bolumu.com\/index.php?rest_route=%2Fwp%2Fv2%2Fmedia&parent=776"}],"curies":[{"name":"wp","href":"https:\/\/api.w.org\/{rel}","templated":true}]}}