{"id":770,"date":"2025-04-08T00:25:13","date_gmt":"2025-04-07T21:25:13","guid":{"rendered":"http:\/\/maun-gerontoloji-bolumu.com\/?page_id=770"},"modified":"2025-04-12T00:36:02","modified_gmt":"2025-04-11T21:36:02","slug":"yaslilikta-depresyon","status":"publish","type":"page","link":"http:\/\/maun-gerontoloji-bolumu.com\/?page_id=770","title":{"rendered":"Ya\u015fl\u0131l\u0131kta Depresyon"},"content":{"rendered":"\n<div class=\"wp-block-columns alignwide is-layout-flex wp-container-core-columns-is-layout-0b577f17 wp-block-columns-is-layout-flex\" style=\"padding-top:0;padding-right:0;padding-bottom:0;padding-left:0\">\n<div class=\"wp-block-column is-vertically-aligned-center is-layout-flow wp-block-column-is-layout-flow\">\n<p class=\"has-text-align-left has-accent-color has-text-color has-link-color has-small-font-size wp-elements-5ab9dcea87824a72c7ddd829e8c5e981\" style=\"font-style:normal;font-weight:600;text-transform:uppercase\">Ya\u015fland\u0131k\u00e7a depresyon artm\u0131yor<\/p>\n\n\n\n<h2 class=\"wp-block-heading\">Depresif ya\u015fl\u0131larda intihar riski art\u0131yor <\/h2>\n\n\n\n<p>Yayg\u0131n inan\u0131\u015f\u0131n aksine, depresif bozukluklar\u0131n hem ya\u015fam boyu yayg\u0131nl\u0131\u011f\u0131 hem de g\u00f6r\u00fclme s\u0131kl\u0131\u011f\u0131 ya\u015f il\u015ferledik\u00e7e azalmaktad\u0131r. <\/p>\n\n\n\n<p>Ger\u00e7ekte ya\u015fl\u0131l\u0131kta depresif bozukluklarla fiziksel hastal\u0131klar, \u00f6zellikle de kalp-damar sistemi hastal\u0131klar\u0131 aras\u0131ndaki ili\u015fkinin kesin oldu\u011fu d\u00fc\u015f\u00fcn\u00fclmektedir. Her iki etken de erken ba\u011f\u0131ms\u0131zl\u0131k kayb\u0131na ve dolay\u0131s\u0131yla bak\u0131ma ihtiya\u00e7 duyulmas\u0131na yol a\u00e7abilir. <\/p>\n\n\n\n<p>Depresyonu olan ya\u015fl\u0131 bireylerde intihar riskinin gen\u00e7 bireylere g\u00f6re anlaml\u0131 derecede y\u00fcksek olmas\u0131 \u00f6nemlidir. Bu nedenle ya\u015fl\u0131 bireylerde depresif bozukluklar\u0131n tan\u0131nmas\u0131 ve tedavisi \u00f6zellikle \u00f6nemlidir (Seidl, Pantel, Re ve Schr\u00f6der, 2004). <\/p>\n\n\n\n<p>Uzun zamand\u0131r depresif bozukluklar\u0131n ileri ya\u015flarda daha s\u0131k g\u00f6r\u00fcld\u00fc\u011f\u00fc varsay\u0131l\u0131yordu ancak son bulgular maj\u00f6r depresyonun %1 ile %7 aras\u0131nda daha d\u00fc\u015f\u00fck bir oranda g\u00f6r\u00fcld\u00fc\u011f\u00fcn\u00fc g\u00f6steriyor. Buna kar\u015f\u0131l\u0131k, temsili n\u00fcfus \u00f6rnekleri, ya\u015fl\u0131 n\u00fcfusta yakla\u015f\u0131k %11&#8217;den %30&#8217;un \u00fczerine kadar \u00f6nemli \u00f6l\u00e7\u00fcde daha fazla bireysel depresif semptom g\u00f6stermektedir ve bu durum \u00f6zellikle huzurevi sakinlerinde belirgindir. Bu t\u00fcr subsendromal depresyon formlar\u0131n\u0131n s\u0131kl\u0131\u011f\u0131, etkilenen ki\u015filerin ya\u015f\u0131n\u0131n yan\u0131 s\u0131ra multimorbidite ve yard\u0131ma ihtiya\u00e7 duyma gibi risk fakt\u00f6rleriyle de ili\u015fkilidir. Ancak 70 ya\u015f\u0131n \u00f6tesinde depresif bozukluklar i\u00e7in belirgin bir ya\u015fa ba\u011fl\u0131 bir ilerleme g\u00f6sterilememi\u015ftir (Niklewski, 2006).<\/p>\n<\/div>\n\n\n\n<div class=\"wp-block-column is-layout-flow wp-block-column-is-layout-flow\" style=\"flex-basis:40%\">\n<figure class=\"wp-block-image size-full has-custom-border is-style-default\"><img loading=\"lazy\" decoding=\"async\" width=\"640\" height=\"434\" src=\"http:\/\/maun-gerontoloji-bolumu.com\/wp-content\/uploads\/2025\/04\/man-513529_640.jpg\" alt=\"\" class=\"wp-image-1092\" style=\"border-radius:8px;aspect-ratio:1;object-fit:cover\" srcset=\"http:\/\/maun-gerontoloji-bolumu.com\/wp-content\/uploads\/2025\/04\/man-513529_640.jpg 640w, http:\/\/maun-gerontoloji-bolumu.com\/wp-content\/uploads\/2025\/04\/man-513529_640-300x203.jpg 300w\" sizes=\"auto, (max-width: 640px) 100vw, 640px\" \/><\/figure>\n<\/div>\n<\/div>\n","protected":false},"excerpt":{"rendered":"<p>Ya\u015fland\u0131k\u00e7a depresyon artm\u0131yor Depresif ya\u015fl\u0131larda intihar riski art\u0131yor Yayg\u0131n inan\u0131\u015f\u0131n aksine, depresif bozukluklar\u0131n hem ya\u015fam boyu yayg\u0131nl\u0131\u011f\u0131 hem de g\u00f6r\u00fclme s\u0131kl\u0131\u011f\u0131 ya\u015f il\u015ferledik\u00e7e azalmaktad\u0131r. Ger\u00e7ekte ya\u015fl\u0131l\u0131kta depresif bozukluklarla fiziksel hastal\u0131klar, \u00f6zellikle de kalp-damar sistemi hastal\u0131klar\u0131 aras\u0131ndaki ili\u015fkinin kesin oldu\u011fu d\u00fc\u015f\u00fcn\u00fclmektedir. Her iki etken de erken ba\u011f\u0131ms\u0131zl\u0131k kayb\u0131na ve dolay\u0131s\u0131yla bak\u0131ma [&hellip;]<\/p>\n","protected":false},"author":1,"featured_media":0,"parent":0,"menu_order":0,"comment_status":"closed","ping_status":"closed","template":"","meta":{"_themeisle_gutenberg_block_has_review":false,"footnotes":""},"class_list":["post-770","page","type-page","status-publish","hentry"],"_links":{"self":[{"href":"http:\/\/maun-gerontoloji-bolumu.com\/index.php?rest_route=\/wp\/v2\/pages\/770","targetHints":{"allow":["GET"]}}],"collection":[{"href":"http:\/\/maun-gerontoloji-bolumu.com\/index.php?rest_route=\/wp\/v2\/pages"}],"about":[{"href":"http:\/\/maun-gerontoloji-bolumu.com\/index.php?rest_route=\/wp\/v2\/types\/page"}],"author":[{"embeddable":true,"href":"http:\/\/maun-gerontoloji-bolumu.com\/index.php?rest_route=\/wp\/v2\/users\/1"}],"replies":[{"embeddable":true,"href":"http:\/\/maun-gerontoloji-bolumu.com\/index.php?rest_route=%2Fwp%2Fv2%2Fcomments&post=770"}],"version-history":[{"count":10,"href":"http:\/\/maun-gerontoloji-bolumu.com\/index.php?rest_route=\/wp\/v2\/pages\/770\/revisions"}],"predecessor-version":[{"id":1123,"href":"http:\/\/maun-gerontoloji-bolumu.com\/index.php?rest_route=\/wp\/v2\/pages\/770\/revisions\/1123"}],"wp:attachment":[{"href":"http:\/\/maun-gerontoloji-bolumu.com\/index.php?rest_route=%2Fwp%2Fv2%2Fmedia&parent=770"}],"curies":[{"name":"wp","href":"https:\/\/api.w.org\/{rel}","templated":true}]}}