{"id":768,"date":"2025-04-08T00:24:26","date_gmt":"2025-04-07T21:24:26","guid":{"rendered":"http:\/\/maun-gerontoloji-bolumu.com\/?page_id=768"},"modified":"2025-04-10T04:03:16","modified_gmt":"2025-04-10T01:03:16","slug":"yaslanmanin-noropsikolojisi","status":"publish","type":"page","link":"http:\/\/maun-gerontoloji-bolumu.com\/?page_id=768","title":{"rendered":"Ya\u015flanman\u0131n N\u00f6ropsikolojisi"},"content":{"rendered":"\n<div class=\"wp-block-columns alignwide is-layout-flex wp-container-core-columns-is-layout-0b577f17 wp-block-columns-is-layout-flex\" style=\"padding-top:0;padding-right:0;padding-bottom:0;padding-left:0\">\n<div class=\"wp-block-column is-vertically-aligned-center is-layout-flow wp-block-column-is-layout-flow\">\n<p class=\"has-text-align-left has-accent-color has-text-color has-link-color has-small-font-size wp-elements-7bb95526e87298036706cd32a1fa6deb\" style=\"font-style:normal;font-weight:600;text-transform:uppercase\">Ya\u015flanman\u0131n &#8220;normali&#8221; ve &#8220;hastal\u0131kl\u0131s\u0131&#8221; ayr\u0131m\u0131n\u0131 yapmak zor <\/p>\n\n\n\n<h2 class=\"wp-block-heading\">Normal ve patolojik ya\u015flanma m\u0131?<\/h2>\n\n\n\n<p>Ya\u015flanman\u0131n n\u00f6ropsikolojisi, &#8220;sa\u011fl\u0131kl\u0131&#8221;, &#8220;normal&#8221; veya &#8220;hasta&#8221; ya\u015flanman\u0131n olup olmad\u0131\u011f\u0131 sorusunu ele almal\u0131d\u0131r. Bu sorulara ancak beyinlerin ya da onlar\u0131n kontrol etti\u011fi psikolojik i\u015flevlerin ilgili normlarla ili\u015fkilendirilmesi halinde cevap verilebilir. Peki burada hangi normla uygulanmal\u0131? Ama &#8220;normal&#8221; ve &#8220;patolojik&#8221; ya\u015flanma aras\u0131ndaki ayr\u0131mda sorunlar vard\u0131r. \u00c7\u00fcnk\u00fc ya\u015flanma s\u00fcrecinde, ya\u015fl\u0131l\u0131\u011fa normal ve patolojik etkilerin birbirine kar\u0131\u015fmas\u0131 olas\u0131d\u0131r (J\u00e4ncke, 2004). <\/p>\n<\/div>\n\n\n\n<div class=\"wp-block-column is-layout-flow wp-block-column-is-layout-flow\" style=\"flex-basis:40%\">\n<figure class=\"wp-block-image size-full has-custom-border is-style-default\"><img loading=\"lazy\" decoding=\"async\" width=\"640\" height=\"362\" src=\"http:\/\/maun-gerontoloji-bolumu.com\/wp-content\/uploads\/2025\/04\/connection-8967705_640.jpg\" alt=\"\" class=\"wp-image-1104\" style=\"border-radius:8px;aspect-ratio:1;object-fit:cover\" srcset=\"http:\/\/maun-gerontoloji-bolumu.com\/wp-content\/uploads\/2025\/04\/connection-8967705_640.jpg 640w, http:\/\/maun-gerontoloji-bolumu.com\/wp-content\/uploads\/2025\/04\/connection-8967705_640-300x170.jpg 300w\" sizes=\"auto, (max-width: 640px) 100vw, 640px\" \/><\/figure>\n<\/div>\n<\/div>\n","protected":false},"excerpt":{"rendered":"<p>Ya\u015flanman\u0131n &#8220;normali&#8221; ve &#8220;hastal\u0131kl\u0131s\u0131&#8221; ayr\u0131m\u0131n\u0131 yapmak zor Normal ve patolojik ya\u015flanma m\u0131? Ya\u015flanman\u0131n n\u00f6ropsikolojisi, &#8220;sa\u011fl\u0131kl\u0131&#8221;, &#8220;normal&#8221; veya &#8220;hasta&#8221; ya\u015flanman\u0131n olup olmad\u0131\u011f\u0131 sorusunu ele almal\u0131d\u0131r. Bu sorulara ancak beyinlerin ya da onlar\u0131n kontrol etti\u011fi psikolojik i\u015flevlerin ilgili normlarla ili\u015fkilendirilmesi halinde cevap verilebilir. Peki burada hangi normla uygulanmal\u0131? Ama &#8220;normal&#8221; ve &#8220;patolojik&#8221; [&hellip;]<\/p>\n","protected":false},"author":1,"featured_media":0,"parent":0,"menu_order":0,"comment_status":"closed","ping_status":"closed","template":"","meta":{"_themeisle_gutenberg_block_has_review":false,"footnotes":""},"class_list":["post-768","page","type-page","status-publish","hentry"],"_links":{"self":[{"href":"http:\/\/maun-gerontoloji-bolumu.com\/index.php?rest_route=\/wp\/v2\/pages\/768","targetHints":{"allow":["GET"]}}],"collection":[{"href":"http:\/\/maun-gerontoloji-bolumu.com\/index.php?rest_route=\/wp\/v2\/pages"}],"about":[{"href":"http:\/\/maun-gerontoloji-bolumu.com\/index.php?rest_route=\/wp\/v2\/types\/page"}],"author":[{"embeddable":true,"href":"http:\/\/maun-gerontoloji-bolumu.com\/index.php?rest_route=\/wp\/v2\/users\/1"}],"replies":[{"embeddable":true,"href":"http:\/\/maun-gerontoloji-bolumu.com\/index.php?rest_route=%2Fwp%2Fv2%2Fcomments&post=768"}],"version-history":[{"count":8,"href":"http:\/\/maun-gerontoloji-bolumu.com\/index.php?rest_route=\/wp\/v2\/pages\/768\/revisions"}],"predecessor-version":[{"id":1105,"href":"http:\/\/maun-gerontoloji-bolumu.com\/index.php?rest_route=\/wp\/v2\/pages\/768\/revisions\/1105"}],"wp:attachment":[{"href":"http:\/\/maun-gerontoloji-bolumu.com\/index.php?rest_route=%2Fwp%2Fv2%2Fmedia&parent=768"}],"curies":[{"name":"wp","href":"https:\/\/api.w.org\/{rel}","templated":true}]}}