{"id":766,"date":"2025-04-08T00:23:18","date_gmt":"2025-04-07T21:23:18","guid":{"rendered":"http:\/\/maun-gerontoloji-bolumu.com\/?page_id=766"},"modified":"2025-04-10T04:07:27","modified_gmt":"2025-04-10T01:07:27","slug":"yaslanma-surecleri-ve-hastalik-surecleri","status":"publish","type":"page","link":"http:\/\/maun-gerontoloji-bolumu.com\/?page_id=766","title":{"rendered":"Ya\u015flanma S\u00fcre\u00e7leri ve Hastal\u0131k S\u00fcre\u00e7leri"},"content":{"rendered":"\n<div class=\"wp-block-columns alignwide is-layout-flex wp-container-core-columns-is-layout-0b577f17 wp-block-columns-is-layout-flex\" style=\"padding-top:0;padding-right:0;padding-bottom:0;padding-left:0\">\n<div class=\"wp-block-column is-vertically-aligned-center is-layout-flow wp-block-column-is-layout-flow\">\n<p class=\"has-text-align-left has-accent-color has-text-color has-link-color has-small-font-size wp-elements-d1793b57b9191b38238dea96c2b9d2a6\" style=\"font-style:normal;font-weight:600;text-transform:uppercase\">geri d\u00f6n\u00fc\u015f\u00fcml\u00fcden geri d\u00f6n\u00fc\u015f\u00fcms\u00fcz s\u00fcre\u00e7lere <\/p>\n\n\n\n<h2 class=\"wp-block-heading\">Ya\u015flanma s\u00fcrecinde artan k\u0131r\u0131lganl\u0131k<\/h2>\n\n\n\n<p>Canl\u0131 madde, organizman\u0131n i\u00e7 dengesini korumaya yarayan, geri d\u00f6n\u00fc\u015f\u00fcml\u00fc de\u011fi\u015fimlere s\u00fcrekli olarak maruz kalmas\u0131yla karakterize edilir. Ya\u015flanma s\u00fcre\u00e7leri normaldir, yani fiziksel geli\u015fim ve olgunla\u015fma tamamland\u0131ktan sonra ba\u015flayan patolojik olmayan s\u00fcre\u00e7lerdir. <\/p>\n\n\n\n<p>Ya\u015flanma, h\u00fccresel d\u00fczeyde geri d\u00f6nd\u00fcr\u00fclemez de\u011fi\u015fikliklerin birikmesiyle olu\u015fur ve organizmaya \u00e7e\u015fitli bi\u00e7imlerde ve ilerleyici olarak zarar verir. Ya\u015f ilerledik\u00e7e canl\u0131 maddenin geri d\u00f6n\u00fc\u015f\u00fcml\u00fc de\u011fi\u015febilirli\u011fi giderek azal\u0131r ve bununla birlikte de\u011fi\u015fen \u00e7evresel taleplere uyum sa\u011flama yetene\u011fi de azal\u0131r.  Ya\u015flanma s\u00fcre\u00e7leri organizman\u0131n k\u0131r\u0131lganl\u0131\u011f\u0131n\u0131 ve hastal\u0131k s\u00fcre\u00e7lerine yatk\u0131nl\u0131\u011f\u0131n\u0131 art\u0131r\u0131r (Ding-Greiner ve Lang, 2004). <\/p>\n<\/div>\n\n\n\n<div class=\"wp-block-column is-layout-flow wp-block-column-is-layout-flow\" style=\"flex-basis:40%\">\n<figure class=\"wp-block-image size-full has-custom-border is-style-default\"><img loading=\"lazy\" decoding=\"async\" width=\"640\" height=\"427\" src=\"http:\/\/maun-gerontoloji-bolumu.com\/wp-content\/uploads\/2025\/04\/medicine-8898174_640.jpg\" alt=\"\" class=\"wp-image-1069\" style=\"border-radius:8px;aspect-ratio:1;object-fit:cover\" srcset=\"http:\/\/maun-gerontoloji-bolumu.com\/wp-content\/uploads\/2025\/04\/medicine-8898174_640.jpg 640w, http:\/\/maun-gerontoloji-bolumu.com\/wp-content\/uploads\/2025\/04\/medicine-8898174_640-300x200.jpg 300w, http:\/\/maun-gerontoloji-bolumu.com\/wp-content\/uploads\/2025\/04\/medicine-8898174_640-360x240.jpg 360w\" sizes=\"auto, (max-width: 640px) 100vw, 640px\" \/><\/figure>\n<\/div>\n<\/div>\n\n\n\n<p><\/p>\n","protected":false},"excerpt":{"rendered":"<p>geri d\u00f6n\u00fc\u015f\u00fcml\u00fcden geri d\u00f6n\u00fc\u015f\u00fcms\u00fcz s\u00fcre\u00e7lere Ya\u015flanma s\u00fcrecinde artan k\u0131r\u0131lganl\u0131k Canl\u0131 madde, organizman\u0131n i\u00e7 dengesini korumaya yarayan, geri d\u00f6n\u00fc\u015f\u00fcml\u00fc de\u011fi\u015fimlere s\u00fcrekli olarak maruz kalmas\u0131yla karakterize edilir. Ya\u015flanma s\u00fcre\u00e7leri normaldir, yani fiziksel geli\u015fim ve olgunla\u015fma tamamland\u0131ktan sonra ba\u015flayan patolojik olmayan s\u00fcre\u00e7lerdir. Ya\u015flanma, h\u00fccresel d\u00fczeyde geri d\u00f6nd\u00fcr\u00fclemez de\u011fi\u015fikliklerin birikmesiyle olu\u015fur ve organizmaya \u00e7e\u015fitli [&hellip;]<\/p>\n","protected":false},"author":1,"featured_media":0,"parent":0,"menu_order":0,"comment_status":"closed","ping_status":"closed","template":"","meta":{"_themeisle_gutenberg_block_has_review":false,"footnotes":""},"class_list":["post-766","page","type-page","status-publish","hentry"],"_links":{"self":[{"href":"http:\/\/maun-gerontoloji-bolumu.com\/index.php?rest_route=\/wp\/v2\/pages\/766","targetHints":{"allow":["GET"]}}],"collection":[{"href":"http:\/\/maun-gerontoloji-bolumu.com\/index.php?rest_route=\/wp\/v2\/pages"}],"about":[{"href":"http:\/\/maun-gerontoloji-bolumu.com\/index.php?rest_route=\/wp\/v2\/types\/page"}],"author":[{"embeddable":true,"href":"http:\/\/maun-gerontoloji-bolumu.com\/index.php?rest_route=\/wp\/v2\/users\/1"}],"replies":[{"embeddable":true,"href":"http:\/\/maun-gerontoloji-bolumu.com\/index.php?rest_route=%2Fwp%2Fv2%2Fcomments&post=766"}],"version-history":[{"count":10,"href":"http:\/\/maun-gerontoloji-bolumu.com\/index.php?rest_route=\/wp\/v2\/pages\/766\/revisions"}],"predecessor-version":[{"id":1106,"href":"http:\/\/maun-gerontoloji-bolumu.com\/index.php?rest_route=\/wp\/v2\/pages\/766\/revisions\/1106"}],"wp:attachment":[{"href":"http:\/\/maun-gerontoloji-bolumu.com\/index.php?rest_route=%2Fwp%2Fv2%2Fmedia&parent=766"}],"curies":[{"name":"wp","href":"https:\/\/api.w.org\/{rel}","templated":true}]}}