{"id":758,"date":"2025-04-08T00:18:34","date_gmt":"2025-04-07T21:18:34","guid":{"rendered":"http:\/\/maun-gerontoloji-bolumu.com\/?page_id=758"},"modified":"2025-04-10T03:13:09","modified_gmt":"2025-04-10T00:13:09","slug":"yaslilikta-egitim","status":"publish","type":"page","link":"http:\/\/maun-gerontoloji-bolumu.com\/?page_id=758","title":{"rendered":"Ya\u015fl\u0131l\u0131kta E\u011fitim"},"content":{"rendered":"\n<div class=\"wp-block-columns alignwide is-layout-flex wp-container-core-columns-is-layout-0b577f17 wp-block-columns-is-layout-flex\" style=\"padding-top:0;padding-right:0;padding-bottom:0;padding-left:0\">\n<div class=\"wp-block-column is-vertically-aligned-center is-layout-flow wp-block-column-is-layout-flow\">\n<p class=\"has-text-align-left has-accent-color has-text-color has-link-color has-small-font-size wp-elements-3afabd59198b51f2bfba75d6936053bf\" style=\"font-style:normal;font-weight:600;text-transform:uppercase\">Ki\u015fiye ve Topluma faydalar\u0131 g\u00f6z \u00f6n\u00fcne al\u0131nmal\u0131<\/p>\n\n\n\n<h2 class=\"wp-block-heading\">Ya\u015fl\u0131 E\u011fitimi<\/h2>\n\n\n\n<p>Ya\u015fl\u0131l\u0131kta e\u011fitim perspektifinden bak\u0131ld\u0131\u011f\u0131nda, ya\u015fam\u0131n ya\u015fl\u0131l\u0131k evresinde daha ileri geli\u015fim i\u00e7in \u00e7e\u015fitli gereksinimler ele al\u0131nmaktad\u0131r. Ya\u015fl\u0131l\u0131kta e\u011fitim ile ilgilendi\u011fimizde, \u00e7e\u015fitli nedenlerle \u00f6ncelikle ilgimizi 55+ ya\u015f grubuna odaklamal\u0131y\u0131z. 55 ya\u015f\u0131ndan sonra mesleki ba\u011flamda daha fazla e\u011fitim almak hem birey hem de i\u015fveren a\u00e7\u0131s\u0131ndan pek mant\u0131kl\u0131 g\u00f6r\u00fcnm\u00fcyor. Dolay\u0131s\u0131yla ya\u015fl\u0131 e\u011fitiminin ki\u015fisel ve toplum yarar\u0131 hedeflerine daha fazla \u00f6nem verilmesi gerekmektedir.  Gerontoloji, ya\u015fl\u0131l\u0131kta e\u011fitim i\u00e7in en uygun ko\u015fullar\u0131n var oldu\u011funu do\u011fruluyor; g\u00fcn\u00fcm\u00fcz\u00fcn ya\u015fl\u0131lar\u0131, birka\u00e7 on y\u0131l \u00f6ncesine g\u00f6re zihinsel ve fiziksel olarak daha uzun s\u00fcre formda kal\u0131yorlar (Kalbermatten, 2004). <\/p>\n<\/div>\n\n\n\n<div class=\"wp-block-column is-layout-flow wp-block-column-is-layout-flow\" style=\"flex-basis:40%\">\n<figure class=\"wp-block-image size-full has-custom-border is-style-default\"><img loading=\"lazy\" decoding=\"async\" width=\"427\" height=\"640\" src=\"http:\/\/maun-gerontoloji-bolumu.com\/wp-content\/uploads\/2025\/04\/man-6530416_640.jpg\" alt=\"\" class=\"wp-image-1058\" style=\"border-radius:8px;aspect-ratio:1;object-fit:cover\" srcset=\"http:\/\/maun-gerontoloji-bolumu.com\/wp-content\/uploads\/2025\/04\/man-6530416_640.jpg 427w, http:\/\/maun-gerontoloji-bolumu.com\/wp-content\/uploads\/2025\/04\/man-6530416_640-200x300.jpg 200w\" sizes=\"auto, (max-width: 427px) 100vw, 427px\" \/><\/figure>\n<\/div>\n<\/div>\n\n\n\n<p><\/p>\n","protected":false},"excerpt":{"rendered":"<p>Ki\u015fiye ve Topluma faydalar\u0131 g\u00f6z \u00f6n\u00fcne al\u0131nmal\u0131 Ya\u015fl\u0131 E\u011fitimi Ya\u015fl\u0131l\u0131kta e\u011fitim perspektifinden bak\u0131ld\u0131\u011f\u0131nda, ya\u015fam\u0131n ya\u015fl\u0131l\u0131k evresinde daha ileri geli\u015fim i\u00e7in \u00e7e\u015fitli gereksinimler ele al\u0131nmaktad\u0131r. Ya\u015fl\u0131l\u0131kta e\u011fitim ile ilgilendi\u011fimizde, \u00e7e\u015fitli nedenlerle \u00f6ncelikle ilgimizi 55+ ya\u015f grubuna odaklamal\u0131y\u0131z. 55 ya\u015f\u0131ndan sonra mesleki ba\u011flamda daha fazla e\u011fitim almak hem birey hem de i\u015fveren [&hellip;]<\/p>\n","protected":false},"author":1,"featured_media":0,"parent":0,"menu_order":0,"comment_status":"closed","ping_status":"closed","template":"","meta":{"_themeisle_gutenberg_block_has_review":false,"footnotes":""},"class_list":["post-758","page","type-page","status-publish","hentry"],"_links":{"self":[{"href":"http:\/\/maun-gerontoloji-bolumu.com\/index.php?rest_route=\/wp\/v2\/pages\/758","targetHints":{"allow":["GET"]}}],"collection":[{"href":"http:\/\/maun-gerontoloji-bolumu.com\/index.php?rest_route=\/wp\/v2\/pages"}],"about":[{"href":"http:\/\/maun-gerontoloji-bolumu.com\/index.php?rest_route=\/wp\/v2\/types\/page"}],"author":[{"embeddable":true,"href":"http:\/\/maun-gerontoloji-bolumu.com\/index.php?rest_route=\/wp\/v2\/users\/1"}],"replies":[{"embeddable":true,"href":"http:\/\/maun-gerontoloji-bolumu.com\/index.php?rest_route=%2Fwp%2Fv2%2Fcomments&post=758"}],"version-history":[{"count":10,"href":"http:\/\/maun-gerontoloji-bolumu.com\/index.php?rest_route=\/wp\/v2\/pages\/758\/revisions"}],"predecessor-version":[{"id":1068,"href":"http:\/\/maun-gerontoloji-bolumu.com\/index.php?rest_route=\/wp\/v2\/pages\/758\/revisions\/1068"}],"wp:attachment":[{"href":"http:\/\/maun-gerontoloji-bolumu.com\/index.php?rest_route=%2Fwp%2Fv2%2Fmedia&parent=758"}],"curies":[{"name":"wp","href":"https:\/\/api.w.org\/{rel}","templated":true}]}}