{"id":756,"date":"2025-04-08T00:17:52","date_gmt":"2025-04-07T21:17:52","guid":{"rendered":"http:\/\/maun-gerontoloji-bolumu.com\/?page_id=756"},"modified":"2025-04-10T03:01:07","modified_gmt":"2025-04-10T00:01:07","slug":"is-ve-yaslilik","status":"publish","type":"page","link":"http:\/\/maun-gerontoloji-bolumu.com\/?page_id=756","title":{"rendered":"\u0130\u015f ve Ya\u015fl\u0131l\u0131k"},"content":{"rendered":"\n<div class=\"wp-block-columns alignwide is-layout-flex wp-container-core-columns-is-layout-0b577f17 wp-block-columns-is-layout-flex\" style=\"padding-top:0;padding-right:0;padding-bottom:0;padding-left:0\">\n<div class=\"wp-block-column is-vertically-aligned-center is-layout-flow wp-block-column-is-layout-flow\">\n<p class=\"has-text-align-left has-accent-color has-text-color has-link-color has-small-font-size wp-elements-eba2e77c59a9ada57bc6d8706e266140\" style=\"font-style:normal;font-weight:600;text-transform:uppercase\">Ya\u015fam s\u00fcresinin uzmas\u0131n\u0131n i\u015f d\u00fcnyas\u0131na yans\u0131malar\u0131<\/p>\n\n\n\n<h2 class=\"wp-block-heading\">\u00c7al\u0131\u015fan n\u00fcfusun ya\u015flanmas\u0131<\/h2>\n\n\n\n<p>Ya\u015fl\u0131 \u00e7al\u0131\u015fanlar\u0131n i\u015f g\u00fcc\u00fc potansiyellerinin geli\u015ftirilmesi ve \u015firkete entegrasyonu gelecekte giderek daha da \u00f6nemli hale gelecektir. Ancak bug\u00fcn h\u00e2l\u00e2 egemen yakla\u015f\u0131m, ya\u015fl\u0131 kad\u0131n ve erkek \u00e7al\u0131\u015fanlar\u0131n m\u00fcmk\u00fcn oldu\u011funca erken i\u015ften muaf tutulmas\u0131d\u0131r.<\/p>\n\n\n\n<p>\u0130\u015f ve ya\u015fl\u0131l\u0131k konusu T\u00fcrkiye&#8217;de farkl\u0131 a\u00e7\u0131lardan giderek daha fazla \u00f6nem kazan\u0131yor. Bir yandan emeklilik finansman\u0131n\u0131n konsolidasyonuna y\u00f6nelik \u00e7abalarla ba\u011flant\u0131l\u0131 olarak, genel olarak \u00e7al\u0131\u015fma \u00f6mr\u00fcn\u00fc uzatmay\u0131 hedefleyen emeklilik eri\u015fiminin yap\u0131s\u0131nda k\u00f6kl\u00fc de\u011fi\u015fiklikler yap\u0131lm\u0131\u015ft\u0131r. \u00d6te yandan, i\u015fg\u00fcc\u00fcn\u00fcn ya\u015flanmas\u0131 ve k\u00fc\u00e7\u00fclmesi, ya\u015fl\u0131 \u00e7al\u0131\u015fanlar\u0131n \u015firket i\u00e7i ve \u015firket d\u0131\u015f\u0131 i\u015fg\u00fcc\u00fc piyasalar\u0131ndaki gelecekteki konumunun daha yo\u011fun bir \u015fekilde tart\u0131\u015f\u0131lmas\u0131 gerekmektedir. <\/p>\n\n\n\n<p>Ayr\u0131ca \u00e7al\u0131\u015fma ortam\u0131ndaki dinamik geli\u015fmeler, \u00e7al\u0131\u015fma hayat\u0131ndaki ya\u015fl\u0131 \u00e7al\u0131\u015fanlar\u0131n durumunun \u00e7ok say\u0131da de\u011fi\u015fikli\u011fe ve yeni zorluklara maruz kalmas\u0131 anlam\u0131na gelmektedir (Behrend ve Frerichs, 2004). <\/p>\n<\/div>\n\n\n\n<div class=\"wp-block-column is-layout-flow wp-block-column-is-layout-flow\" style=\"flex-basis:40%\"><div class=\"wp-block-image is-style-default\">\n<figure class=\"aligncenter size-full has-custom-border\"><img loading=\"lazy\" decoding=\"async\" width=\"640\" height=\"390\" src=\"http:\/\/maun-gerontoloji-bolumu.com\/wp-content\/uploads\/2025\/04\/handyman-3094035_640.jpg\" alt=\"\" class=\"wp-image-1056\" style=\"border-radius:8px;aspect-ratio:1;object-fit:cover\" srcset=\"http:\/\/maun-gerontoloji-bolumu.com\/wp-content\/uploads\/2025\/04\/handyman-3094035_640.jpg 640w, http:\/\/maun-gerontoloji-bolumu.com\/wp-content\/uploads\/2025\/04\/handyman-3094035_640-300x183.jpg 300w\" sizes=\"auto, (max-width: 640px) 100vw, 640px\" \/><\/figure>\n<\/div><\/div>\n<\/div>\n\n\n\n<p><\/p>\n","protected":false},"excerpt":{"rendered":"<p>Ya\u015fam s\u00fcresinin uzmas\u0131n\u0131n i\u015f d\u00fcnyas\u0131na yans\u0131malar\u0131 \u00c7al\u0131\u015fan n\u00fcfusun ya\u015flanmas\u0131 Ya\u015fl\u0131 \u00e7al\u0131\u015fanlar\u0131n i\u015f g\u00fcc\u00fc potansiyellerinin geli\u015ftirilmesi ve \u015firkete entegrasyonu gelecekte giderek daha da \u00f6nemli hale gelecektir. Ancak bug\u00fcn h\u00e2l\u00e2 egemen yakla\u015f\u0131m, ya\u015fl\u0131 kad\u0131n ve erkek \u00e7al\u0131\u015fanlar\u0131n m\u00fcmk\u00fcn oldu\u011funca erken i\u015ften muaf tutulmas\u0131d\u0131r. \u0130\u015f ve ya\u015fl\u0131l\u0131k konusu T\u00fcrkiye&#8217;de farkl\u0131 a\u00e7\u0131lardan giderek daha [&hellip;]<\/p>\n","protected":false},"author":1,"featured_media":0,"parent":0,"menu_order":0,"comment_status":"closed","ping_status":"closed","template":"","meta":{"_themeisle_gutenberg_block_has_review":false,"footnotes":""},"class_list":["post-756","page","type-page","status-publish","hentry"],"_links":{"self":[{"href":"http:\/\/maun-gerontoloji-bolumu.com\/index.php?rest_route=\/wp\/v2\/pages\/756","targetHints":{"allow":["GET"]}}],"collection":[{"href":"http:\/\/maun-gerontoloji-bolumu.com\/index.php?rest_route=\/wp\/v2\/pages"}],"about":[{"href":"http:\/\/maun-gerontoloji-bolumu.com\/index.php?rest_route=\/wp\/v2\/types\/page"}],"author":[{"embeddable":true,"href":"http:\/\/maun-gerontoloji-bolumu.com\/index.php?rest_route=\/wp\/v2\/users\/1"}],"replies":[{"embeddable":true,"href":"http:\/\/maun-gerontoloji-bolumu.com\/index.php?rest_route=%2Fwp%2Fv2%2Fcomments&post=756"}],"version-history":[{"count":7,"href":"http:\/\/maun-gerontoloji-bolumu.com\/index.php?rest_route=\/wp\/v2\/pages\/756\/revisions"}],"predecessor-version":[{"id":1057,"href":"http:\/\/maun-gerontoloji-bolumu.com\/index.php?rest_route=\/wp\/v2\/pages\/756\/revisions\/1057"}],"wp:attachment":[{"href":"http:\/\/maun-gerontoloji-bolumu.com\/index.php?rest_route=%2Fwp%2Fv2%2Fmedia&parent=756"}],"curies":[{"name":"wp","href":"https:\/\/api.w.org\/{rel}","templated":true}]}}