{"id":754,"date":"2025-04-08T00:16:40","date_gmt":"2025-04-07T21:16:40","guid":{"rendered":"http:\/\/maun-gerontoloji-bolumu.com\/?page_id=754"},"modified":"2025-04-10T02:42:41","modified_gmt":"2025-04-09T23:42:41","slug":"toplumsal-gelisme-baglaminda-yaslilik-ve-yaslanma","status":"publish","type":"page","link":"http:\/\/maun-gerontoloji-bolumu.com\/?page_id=754","title":{"rendered":"Toplumsal Geli\u015fme Ba\u011flam\u0131nda Ya\u015fl\u0131l\u0131k ve Ya\u015flanma"},"content":{"rendered":"\n<div class=\"wp-block-columns alignwide is-layout-flex wp-container-core-columns-is-layout-0b577f17 wp-block-columns-is-layout-flex\" style=\"padding-top:0;padding-right:0;padding-bottom:0;padding-left:0\">\n<div class=\"wp-block-column is-vertically-aligned-center is-layout-flow wp-block-column-is-layout-flow\">\n<p class=\"has-text-align-left has-accent-color has-text-color has-link-color has-small-font-size wp-elements-507fd5aa350fd92d898c70c83e46d167\" style=\"font-style:normal;font-weight:600;text-transform:uppercase\">ya\u015flanan toplumumuz<\/p>\n\n\n\n<h2 class=\"wp-block-heading\">Ya\u015flanma ve ya\u015fl\u0131l\u0131\u011f\u0131n toplumsal geli\u015fme a\u00e7\u0131s\u0131ndan anlam ve \u00f6nemi<\/h2>\n\n\n\n<p>Ya\u015fl\u0131l\u0131k evresi ya\u015fam s\u00fcrecinin her iki taraf\u0131na da yay\u0131lmaktad\u0131r. Bu durum bir yandan ya\u015fl\u0131l\u0131kta artan kaynaklar ve potansiyelle, di\u011fer yandan ya\u015fl\u0131l\u0131kta yard\u0131ma ve \u00f6zellikle bak\u0131ma duyulan ihtiyac\u0131n artmas\u0131yla birlikte g\u00f6r\u00fclmektedir. G\u00fcn\u00fcm\u00fczde toplumdaki demografik geli\u015fmeler ve toplumsal de\u011fi\u015fim s\u00fcre\u00e7leri ba\u011flam\u0131nda, ya\u015fl\u0131l\u0131ktaki bu de\u011fi\u015fim ayr\u0131 bir \u00f6nem kazanmaktad\u0131r. <\/p>\n\n\n\n<p>Toplumumuz, de\u011fi\u015fen ve s\u00fcrekli de\u011fi\u015fmeye devam eden ya\u015fam seyrinin tasar\u0131m\u0131 konusunda yeni entegrasyon gereksinimleri ve yap\u0131land\u0131rma g\u00f6revleriyle kar\u015f\u0131 kar\u015f\u0131yad\u0131r.<\/p>\n\n\n\n<p>Her \u015feyden \u00f6nce, ku\u015faklar aras\u0131 s\u00f6zle\u015fme, ya\u015fl\u0131l\u0131kta sosyal g\u00fcvenlik ve ya\u015fl\u0131l\u0131kta sa\u011fl\u0131k ve hastal\u0131kla ilgili hizmet ve bak\u0131m\u0131n sa\u011flanmas\u0131 hakk\u0131ndaki sosyopolitik tart\u0131\u015fmalar, ya\u015fl\u0131l\u0131k, ya\u015flanma ve toplum aras\u0131ndaki mevcut ili\u015fkide \u00e7at\u0131\u015fmal\u0131 bir dinami\u011fi ortaya koymaktad\u0131r (Backes, 2004). <\/p>\n<\/div>\n\n\n\n<div class=\"wp-block-column is-layout-flow wp-block-column-is-layout-flow\" style=\"flex-basis:40%\">\n<figure class=\"wp-block-image size-full has-custom-border is-style-default\"><img loading=\"lazy\" decoding=\"async\" width=\"640\" height=\"388\" src=\"http:\/\/maun-gerontoloji-bolumu.com\/wp-content\/uploads\/2025\/04\/ai-generated-8447851_640.png\" alt=\"\" class=\"wp-image-424\" style=\"border-radius:8px;aspect-ratio:1;object-fit:cover\" srcset=\"http:\/\/maun-gerontoloji-bolumu.com\/wp-content\/uploads\/2025\/04\/ai-generated-8447851_640.png 640w, http:\/\/maun-gerontoloji-bolumu.com\/wp-content\/uploads\/2025\/04\/ai-generated-8447851_640-300x182.png 300w\" sizes=\"auto, (max-width: 640px) 100vw, 640px\" \/><\/figure>\n<\/div>\n<\/div>\n","protected":false},"excerpt":{"rendered":"<p>ya\u015flanan toplumumuz Ya\u015flanma ve ya\u015fl\u0131l\u0131\u011f\u0131n toplumsal geli\u015fme a\u00e7\u0131s\u0131ndan anlam ve \u00f6nemi Ya\u015fl\u0131l\u0131k evresi ya\u015fam s\u00fcrecinin her iki taraf\u0131na da yay\u0131lmaktad\u0131r. Bu durum bir yandan ya\u015fl\u0131l\u0131kta artan kaynaklar ve potansiyelle, di\u011fer yandan ya\u015fl\u0131l\u0131kta yard\u0131ma ve \u00f6zellikle bak\u0131ma duyulan ihtiyac\u0131n artmas\u0131yla birlikte g\u00f6r\u00fclmektedir. G\u00fcn\u00fcm\u00fczde toplumdaki demografik geli\u015fmeler ve toplumsal de\u011fi\u015fim s\u00fcre\u00e7leri ba\u011flam\u0131nda, [&hellip;]<\/p>\n","protected":false},"author":1,"featured_media":0,"parent":0,"menu_order":0,"comment_status":"closed","ping_status":"closed","template":"","meta":{"_themeisle_gutenberg_block_has_review":false,"footnotes":""},"class_list":["post-754","page","type-page","status-publish","hentry"],"_links":{"self":[{"href":"http:\/\/maun-gerontoloji-bolumu.com\/index.php?rest_route=\/wp\/v2\/pages\/754","targetHints":{"allow":["GET"]}}],"collection":[{"href":"http:\/\/maun-gerontoloji-bolumu.com\/index.php?rest_route=\/wp\/v2\/pages"}],"about":[{"href":"http:\/\/maun-gerontoloji-bolumu.com\/index.php?rest_route=\/wp\/v2\/types\/page"}],"author":[{"embeddable":true,"href":"http:\/\/maun-gerontoloji-bolumu.com\/index.php?rest_route=\/wp\/v2\/users\/1"}],"replies":[{"embeddable":true,"href":"http:\/\/maun-gerontoloji-bolumu.com\/index.php?rest_route=%2Fwp%2Fv2%2Fcomments&post=754"}],"version-history":[{"count":10,"href":"http:\/\/maun-gerontoloji-bolumu.com\/index.php?rest_route=\/wp\/v2\/pages\/754\/revisions"}],"predecessor-version":[{"id":1047,"href":"http:\/\/maun-gerontoloji-bolumu.com\/index.php?rest_route=\/wp\/v2\/pages\/754\/revisions\/1047"}],"wp:attachment":[{"href":"http:\/\/maun-gerontoloji-bolumu.com\/index.php?rest_route=%2Fwp%2Fv2%2Fmedia&parent=754"}],"curies":[{"name":"wp","href":"https:\/\/api.w.org\/{rel}","templated":true}]}}