{"id":598,"date":"2025-04-06T23:23:30","date_gmt":"2025-04-06T20:23:30","guid":{"rendered":"http:\/\/maun-gerontoloji-bolumu.com\/?page_id=598"},"modified":"2025-07-28T15:11:18","modified_gmt":"2025-07-28T12:11:18","slug":"demografi","status":"publish","type":"page","link":"http:\/\/maun-gerontoloji-bolumu.com\/?page_id=598","title":{"rendered":"Demografi"},"content":{"rendered":"\n\n\n<div id=\"wp-block-themeisle-blocks-advanced-columns-d738bad6\" class=\"wp-block-themeisle-blocks-advanced-columns alignfull has-1-columns has-desktop-equal-layout has-tablet-equal-layout has-mobile-collapsedRows-layout has-vertical-center ticss-c00aadba\"><div class=\"wp-block-themeisle-blocks-advanced-columns-overlay\"><\/div><div class=\"innerblocks-wrap\">\n<div id=\"wp-block-themeisle-blocks-advanced-column-bbd8db2b\" class=\"wp-block-themeisle-blocks-advanced-column\">\n<div id=\"wp-block-themeisle-blocks-advanced-columns-8a6512ea\" class=\"wp-block-themeisle-blocks-advanced-columns has-1-columns has-desktop-equal-layout has-tablet-equal-layout has-mobile-equal-layout has-vertical-center\"><div class=\"wp-block-themeisle-blocks-advanced-columns-overlay\"><\/div><div class=\"innerblocks-wrap\">\n<div id=\"wp-block-themeisle-blocks-advanced-column-e8b18065\" class=\"wp-block-themeisle-blocks-advanced-column\">\n<h2 id=\"wp-block-themeisle-blocks-advanced-heading-6673e52f\" class=\"wp-block-themeisle-blocks-advanced-heading wp-block-themeisle-blocks-advanced-heading-6673e52f\">\u00c7\u00f6zmek zorunda oldu\u011fumuz problem!<\/h2>\n\n\n\n<p class=\"has-text-align-center\">Ya\u015fam a\u011fac\u0131m\u0131z k\u00f6k\u00fcnden kuruyor<\/p>\n<\/div>\n<\/div><\/div>\n\n\n\n<div id=\"wp-block-themeisle-blocks-advanced-columns-7f744968\" class=\"wp-block-themeisle-blocks-advanced-columns has-3-columns has-desktop-equal-layout has-tablet-equal-layout has-mobile-collapsedRows-layout has-vertical-top\"><div class=\"wp-block-themeisle-blocks-advanced-columns-overlay\"><\/div><div class=\"innerblocks-wrap\">\n<div id=\"wp-block-themeisle-blocks-advanced-column-1430d2f1\" class=\"wp-block-themeisle-blocks-advanced-column\">\n<div id=\"wp-block-themeisle-blocks-flip-123c6ebb\" class=\"wp-block-themeisle-blocks-flip anim flipX\"><div class=\"o-flip-inner\"><div class=\"o-flip-front\"><div class=\"o-flip-content\"><h3>Do\u011furganl\u0131\u011f\u0131n Azalmas\u0131<\/h3><p>Geriden gelmesi gerekenler gelmiyor<\/p><\/div><\/div><div class=\"o-flip-back\">\n<h3 class=\"wp-block-heading\">&#8220;Az ama kaliteli \u00e7ocuk&#8221; beklentisinin beklenmeyen sonu\u00e7lar\u0131<\/h3>\n\n\n\n<p>Evlilik ya\u015f\u0131 y\u00fckseliyor, &#8220;\u00f6nce kariyer sonra \u00e7ocuk&#8221; ilkesi yay\u0131l\u0131yor. <\/p>\n\n\n\n<div class=\"wp-block-buttons is-layout-flex wp-block-buttons-is-layout-flex\">\n<div class=\"wp-block-button has-custom-width wp-block-button__width-100 is-style-primary\"><a class=\"wp-block-button__link wp-element-button\">Get started<\/a><\/div>\n<\/div>\n<\/div><\/div><\/div>\n<\/div>\n\n\n\n<div id=\"wp-block-themeisle-blocks-advanced-column-4b138e01\" class=\"wp-block-themeisle-blocks-advanced-column\">\n<div id=\"wp-block-themeisle-blocks-flip-2c636530\" class=\"wp-block-themeisle-blocks-flip anim flipX\"><div class=\"o-flip-inner\"><div class=\"o-flip-front\"><div class=\"o-flip-content\"><h3>Ya\u015fam S\u00fcresinin Uzmas\u0131<\/h3><p>Ya\u015fam beklentisi ya\u015fl\u0131l\u0131k d\u00f6neminde de uzuyor<\/p><\/div><\/div><div class=\"o-flip-back\">\n<h3 class=\"wp-block-heading\">Her ailede en az bir ya\u015fl\u0131 var<\/h3>\n\n\n\n<p>Torunun torununu g\u00f6renler h\u0131zla \u00e7o\u011fal\u0131yor. <\/p>\n\n\n\n<div class=\"wp-block-buttons is-layout-flex wp-block-buttons-is-layout-flex\">\n<div class=\"wp-block-button has-custom-width wp-block-button__width-100 is-style-primary\"><a class=\"wp-block-button__link wp-element-button\">Get started<\/a><\/div>\n<\/div>\n<\/div><\/div><\/div>\n<\/div>\n\n\n\n<div id=\"wp-block-themeisle-blocks-advanced-column-eefc33b9\" class=\"wp-block-themeisle-blocks-advanced-column\">\n<div id=\"wp-block-themeisle-blocks-flip-6323a328\" class=\"wp-block-themeisle-blocks-flip anim flipX\"><div class=\"o-flip-inner\"><div class=\"o-flip-front\"><div class=\"o-flip-content\"><h3>\u0130leri Ya\u015fl\u0131l\u0131\u011f\u0131n Artmas\u0131<\/h3><p>N\u00fcfusun en h\u0131zl\u0131 \u00e7o\u011fam kesimi 80 ya\u015f ve \u00fczerindekilerdir. <\/p><\/div><\/div><div class=\"o-flip-back\">\n<h3 class=\"wp-block-heading\">G\u00fcnl\u00fck ya\u015fam\u0131nda yard\u0131m ve bak\u0131m ihtiyac\u0131 olan ki\u015filer \u00e7o\u011fal\u0131yor<\/h3>\n\n\n\n<p>Bu kadar \u00e7ok bak\u0131ma muhta\u00e7 ya\u015fl\u0131ya kim, nas\u0131l ve nerede bakacak?<\/p>\n\n\n\n<div class=\"wp-block-buttons is-layout-flex wp-block-buttons-is-layout-flex\">\n<div class=\"wp-block-button has-custom-width wp-block-button__width-100 is-style-primary\"><a class=\"wp-block-button__link wp-element-button\">Get started<\/a><\/div>\n<\/div>\n<\/div><\/div><\/div>\n<\/div>\n<\/div><\/div>\n<\/div>\n<\/div><\/div>\n\n\n\n<div id=\"wp-block-themeisle-blocks-accordion-87d67205\" class=\"wp-block-themeisle-blocks-accordion exclusive\">\n<details class=\"wp-block-themeisle-blocks-accordion-item\"><summary class=\"wp-block-themeisle-blocks-accordion-item__title\"><div>Alzheimer hastalar\u0131 <\/div><\/summary><div class=\"wp-block-themeisle-blocks-accordion-item__content\">\n<p>Kesin say\u0131lar\u0131 bilinmemektedir; d\u00fcnyada tahminen 50-60 milyon Alzheimer hastas\u0131 ya\u015famaktad\u0131r. T\u00fcrkiye&#8217;de tahmienen 1 milyon Alzheimer hastas\u0131 vard\u0131r. Demografik ya\u015flanma s\u00fcreci ilerledik\u00e7e say\u0131lar\u0131 muhtemelen artacakt\u0131r. \u00d6rne\u011fin T\u00fcrkiye&#8217;den daha ya\u015fl\u0131 bir n\u00fcfusa sahip olan Almanya&#8217;da bug\u00fcn yakla\u015f\u0131k 2 milyon Alzheimer hastas\u0131 ya\u015famaktad\u0131r.  <\/p>\n<\/div><\/details>\n\n\n\n<details class=\"wp-block-themeisle-blocks-accordion-item\"><summary class=\"wp-block-themeisle-blocks-accordion-item__title\"><div>Bak\u0131ma muhta\u00e7l\u0131k<\/div><\/summary><div class=\"wp-block-themeisle-blocks-accordion-item__content\">\n<p>\u00c7a\u011f\u0131m\u0131z\u0131n en b\u00fcy\u00fck problemleri aras\u0131nda yer alan bak\u0131ma muhta\u00e7l\u0131k, her ne kadar yaln\u0131zca ya\u015fl\u0131lar\u0131n bir sorunu de\u011filse de bak\u0131ma muhta\u00e7 pop\u00fclasyonun \u00e7o\u011fu 65 ya\u015f ve \u00fczeridir. \u00d6zellikle &#8220;ileri ya\u015fl\u0131l\u0131k&#8221; olarak tan\u0131mlanan 80 ya\u015f ve \u00fczeri n\u00fcfusta, bak\u0131ma muhta\u00e7l\u0131k sorununun yo\u011funla\u015ft\u0131\u011f\u0131 g\u00f6r\u00fclmektedir.  <\/p>\n<\/div><\/details>\n\n\n\n<details class=\"wp-block-themeisle-blocks-accordion-item\"><summary class=\"wp-block-themeisle-blocks-accordion-item__title\"><div>Hen\u00fcz \u00e7eyrek as\u0131r \u00f6ncesine kadar &#8220;gen\u00e7 n\u00fcfusumuzla&#8221; \u00f6v\u00fcn\u00fcyorduk. Baz\u0131 bas\u0131n organlar\u0131, &#8220;ya\u015fl\u0131 Avrupa&#8221;n\u0131n gen\u00e7 T\u00fcrklere ihtiyac\u0131 olaca\u011f\u0131n\u0131 vurgulamaktayd\u0131. Bug\u00fcn T\u00fcrk toplumunun %10,6&#8217;s\u0131n\u0131n ya\u015f\u0131 65 ve \u00fczeridir. Tan\u0131m gere\u011fi, art\u0131k ya\u015fl\u0131 bir n\u00fcfusa sahibiz (ya\u015fl\u0131 oran\u0131 minimum %10 ise, o n\u00fcfus ya\u015fl\u0131 olarak tan\u0131mlanmaktad\u0131r). <\/div><\/summary><div class=\"wp-block-themeisle-blocks-accordion-item__content\">\n<p>T\u00fcrkiye, 1960&#8217;l\u0131 y\u0131llar\u0131n ortalar\u0131na kadar do\u011fruganl\u0131k oran\u0131nda d\u00fcnyan\u0131n ilk s\u0131ralar\u0131nda yer alan bir \u00fclkeydi. O d\u00f6nemde 15-45 ya\u015f aras\u0131ndaki bir T\u00fcrk kad\u0131n\u0131 ortalama 6,1 \u00e7ocuk d\u00fcnyaya getiriyordu 2000&#8217;li y\u0131llar\u0131n ba\u015flar\u0131nda 2,3&#8217;e geriledi\u011finde, hala baz\u0131lar\u0131 n\u00fcfusumuzun gen\u00e7 g\u00f6r\u00fcn\u00fcm\u00fcne aldan\u0131yor ve ya\u015flanan bir toplumu hayal edemiyordu. Bug\u00fcn n\u00fcfusumuz 85 milyondur ve her 100 ki\u015fiden 10-11&#8217;i 65 ya\u015f ve \u00fczeridir. Do\u011furganl\u0131k 1,48 (T\u00dc\u0130K, Temmuz 2025) d\u00fczeyine gerilemi\u015ftir. <\/p>\n<\/div><\/details>\n<\/div>\n\n\n\n<figure class=\"wp-block-gallery alignwide has-nested-images columns-default is-cropped wp-block-gallery-1 is-layout-flex wp-block-gallery-is-layout-flex\">\n<figure class=\"wp-block-image size-large\"><img loading=\"lazy\" decoding=\"async\" width=\"1024\" height=\"681\" data-id=\"626\" src=\"http:\/\/maun-gerontoloji-bolumu.com\/wp-content\/uploads\/2025\/04\/bakima-muhtaclik-1024x681.png\" alt=\"\" class=\"wp-image-626\" srcset=\"http:\/\/maun-gerontoloji-bolumu.com\/wp-content\/uploads\/2025\/04\/bakima-muhtaclik-1024x681.png 1024w, http:\/\/maun-gerontoloji-bolumu.com\/wp-content\/uploads\/2025\/04\/bakima-muhtaclik-300x199.png 300w, http:\/\/maun-gerontoloji-bolumu.com\/wp-content\/uploads\/2025\/04\/bakima-muhtaclik-768x511.png 768w, http:\/\/maun-gerontoloji-bolumu.com\/wp-content\/uploads\/2025\/04\/bakima-muhtaclik-1536x1021.png 1536w, http:\/\/maun-gerontoloji-bolumu.com\/wp-content\/uploads\/2025\/04\/bakima-muhtaclik-2048x1362.png 2048w, http:\/\/maun-gerontoloji-bolumu.com\/wp-content\/uploads\/2025\/04\/bakima-muhtaclik-360x240.png 360w\" sizes=\"auto, (max-width: 1024px) 100vw, 1024px\" \/><\/figure>\n\n\n\n<figure class=\"wp-block-image size-large\"><img loading=\"lazy\" decoding=\"async\" width=\"1024\" height=\"654\" data-id=\"625\" src=\"http:\/\/maun-gerontoloji-bolumu.com\/wp-content\/uploads\/2025\/04\/alzheimer-1024x654.png\" alt=\"\" class=\"wp-image-625\" srcset=\"http:\/\/maun-gerontoloji-bolumu.com\/wp-content\/uploads\/2025\/04\/alzheimer-1024x654.png 1024w, http:\/\/maun-gerontoloji-bolumu.com\/wp-content\/uploads\/2025\/04\/alzheimer-300x191.png 300w, http:\/\/maun-gerontoloji-bolumu.com\/wp-content\/uploads\/2025\/04\/alzheimer-768x490.png 768w, http:\/\/maun-gerontoloji-bolumu.com\/wp-content\/uploads\/2025\/04\/alzheimer-1536x980.png 1536w, http:\/\/maun-gerontoloji-bolumu.com\/wp-content\/uploads\/2025\/04\/alzheimer-2048x1307.png 2048w\" sizes=\"auto, (max-width: 1024px) 100vw, 1024px\" \/><\/figure>\n<\/figure>\n\n\n\n<p><\/p>\n","protected":false},"excerpt":{"rendered":"","protected":false},"author":1,"featured_media":0,"parent":0,"menu_order":0,"comment_status":"closed","ping_status":"closed","template":"","meta":{"_themeisle_gutenberg_block_has_review":false,"footnotes":""},"class_list":["post-598","page","type-page","status-publish","hentry"],"_links":{"self":[{"href":"http:\/\/maun-gerontoloji-bolumu.com\/index.php?rest_route=\/wp\/v2\/pages\/598","targetHints":{"allow":["GET"]}}],"collection":[{"href":"http:\/\/maun-gerontoloji-bolumu.com\/index.php?rest_route=\/wp\/v2\/pages"}],"about":[{"href":"http:\/\/maun-gerontoloji-bolumu.com\/index.php?rest_route=\/wp\/v2\/types\/page"}],"author":[{"embeddable":true,"href":"http:\/\/maun-gerontoloji-bolumu.com\/index.php?rest_route=\/wp\/v2\/users\/1"}],"replies":[{"embeddable":true,"href":"http:\/\/maun-gerontoloji-bolumu.com\/index.php?rest_route=%2Fwp%2Fv2%2Fcomments&post=598"}],"version-history":[{"count":9,"href":"http:\/\/maun-gerontoloji-bolumu.com\/index.php?rest_route=\/wp\/v2\/pages\/598\/revisions"}],"predecessor-version":[{"id":1363,"href":"http:\/\/maun-gerontoloji-bolumu.com\/index.php?rest_route=\/wp\/v2\/pages\/598\/revisions\/1363"}],"wp:attachment":[{"href":"http:\/\/maun-gerontoloji-bolumu.com\/index.php?rest_route=%2Fwp%2Fv2%2Fmedia&parent=598"}],"curies":[{"name":"wp","href":"https:\/\/api.w.org\/{rel}","templated":true}]}}