{"id":593,"date":"2025-04-06T23:15:15","date_gmt":"2025-04-06T20:15:15","guid":{"rendered":"http:\/\/maun-gerontoloji-bolumu.com\/?page_id=593"},"modified":"2025-04-08T11:27:42","modified_gmt":"2025-04-08T08:27:42","slug":"mobil-yasli-hizmetleri","status":"publish","type":"page","link":"http:\/\/maun-gerontoloji-bolumu.com\/?page_id=593","title":{"rendered":"Mobil Ya\u015fl\u0131 Hizmetleri"},"content":{"rendered":"\n<div class=\"wp-block-columns alignwide is-layout-flex wp-container-core-columns-is-layout-0b577f17 wp-block-columns-is-layout-flex\" style=\"padding-top:0;padding-right:0;padding-bottom:0;padding-left:0\">\n<div class=\"wp-block-column is-vertically-aligned-center is-layout-flow wp-block-column-is-layout-flow\">\n<p class=\"has-text-align-left has-accent-color has-text-color has-link-color has-small-font-size wp-elements-01eedd897fba56184691b5edb134044a\" style=\"font-style:normal;font-weight:600;text-transform:uppercase\">Onlar gelemiyorsa biz onlara gidebiliriz<\/p>\n\n\n\n<h2 class=\"wp-block-heading\">Seyyar ekipler ya\u015fl\u0131lar\u0131 evinde ziyaret edebilir<\/h2>\n\n\n\n<p>\u00d6zellikle k\u0131rsal b\u00f6lgelerde mobil ya\u015fl\u0131 hizmetlerine \u00e7ok b\u00fcy\u00fck bir ihtiya\u00e7 var. A\u011f\u0131r hasta ve bak\u0131ma muhta\u00e7 ya\u015fl\u0131lara mobil ya\u015fl\u0131 hizmetlerinin m\u00fcmk\u00fcn ve faydal\u0131 oldu\u011funu Prof. Dr. \u0130smail Tufan G\u00f6lk\u00f6y&#8217;de (Bolu) y\u00fcr\u00fctt\u00fc\u011f\u00fc proje ile kan\u0131tlad\u0131. \u015eimdi s\u0131ra mobil ya\u015fl\u0131 hizmetlerini \u00fclke \u00e7ap\u0131nda yaymaya geldi.  <\/p>\n\n\n\n<div class=\"wp-block-buttons is-layout-flex wp-block-buttons-is-layout-flex\">\n<div class=\"wp-block-button\"><a class=\"wp-block-button__link has-white-color has-accent-background-color has-text-color has-background has-link-color wp-element-button\"><strong>Get started<\/strong><\/a><\/div>\n<\/div>\n<\/div>\n\n\n\n<div class=\"wp-block-column is-layout-flow wp-block-column-is-layout-flow\" style=\"flex-basis:40%\">\n<figure class=\"wp-block-image size-full has-custom-border is-style-default\"><img loading=\"lazy\" decoding=\"async\" width=\"640\" height=\"433\" src=\"http:\/\/maun-gerontoloji-bolumu.com\/wp-content\/uploads\/2025\/04\/puzzle-305529_640.png\" alt=\"\" class=\"wp-image-472\" style=\"border-radius:8px;aspect-ratio:1;object-fit:cover\" srcset=\"http:\/\/maun-gerontoloji-bolumu.com\/wp-content\/uploads\/2025\/04\/puzzle-305529_640.png 640w, http:\/\/maun-gerontoloji-bolumu.com\/wp-content\/uploads\/2025\/04\/puzzle-305529_640-300x203.png 300w\" sizes=\"auto, (max-width: 640px) 100vw, 640px\" \/><\/figure>\n<\/div>\n<\/div>\n","protected":false},"excerpt":{"rendered":"<p>Onlar gelemiyorsa biz onlara gidebiliriz Seyyar ekipler ya\u015fl\u0131lar\u0131 evinde ziyaret edebilir \u00d6zellikle k\u0131rsal b\u00f6lgelerde mobil ya\u015fl\u0131 hizmetlerine \u00e7ok b\u00fcy\u00fck bir ihtiya\u00e7 var. A\u011f\u0131r hasta ve bak\u0131ma muhta\u00e7 ya\u015fl\u0131lara mobil ya\u015fl\u0131 hizmetlerinin m\u00fcmk\u00fcn ve faydal\u0131 oldu\u011funu Prof. Dr. \u0130smail Tufan G\u00f6lk\u00f6y&#8217;de (Bolu) y\u00fcr\u00fctt\u00fc\u011f\u00fc proje ile kan\u0131tlad\u0131. \u015eimdi s\u0131ra mobil ya\u015fl\u0131 hizmetlerini [&hellip;]<\/p>\n","protected":false},"author":1,"featured_media":0,"parent":0,"menu_order":0,"comment_status":"closed","ping_status":"closed","template":"","meta":{"_themeisle_gutenberg_block_has_review":false,"footnotes":""},"class_list":["post-593","page","type-page","status-publish","hentry"],"_links":{"self":[{"href":"http:\/\/maun-gerontoloji-bolumu.com\/index.php?rest_route=\/wp\/v2\/pages\/593","targetHints":{"allow":["GET"]}}],"collection":[{"href":"http:\/\/maun-gerontoloji-bolumu.com\/index.php?rest_route=\/wp\/v2\/pages"}],"about":[{"href":"http:\/\/maun-gerontoloji-bolumu.com\/index.php?rest_route=\/wp\/v2\/types\/page"}],"author":[{"embeddable":true,"href":"http:\/\/maun-gerontoloji-bolumu.com\/index.php?rest_route=\/wp\/v2\/users\/1"}],"replies":[{"embeddable":true,"href":"http:\/\/maun-gerontoloji-bolumu.com\/index.php?rest_route=%2Fwp%2Fv2%2Fcomments&post=593"}],"version-history":[{"count":4,"href":"http:\/\/maun-gerontoloji-bolumu.com\/index.php?rest_route=\/wp\/v2\/pages\/593\/revisions"}],"predecessor-version":[{"id":976,"href":"http:\/\/maun-gerontoloji-bolumu.com\/index.php?rest_route=\/wp\/v2\/pages\/593\/revisions\/976"}],"wp:attachment":[{"href":"http:\/\/maun-gerontoloji-bolumu.com\/index.php?rest_route=%2Fwp%2Fv2%2Fmedia&parent=593"}],"curies":[{"name":"wp","href":"https:\/\/api.w.org\/{rel}","templated":true}]}}