{"id":588,"date":"2025-04-06T23:10:59","date_gmt":"2025-04-06T20:10:59","guid":{"rendered":"http:\/\/maun-gerontoloji-bolumu.com\/?page_id=588"},"modified":"2025-04-13T05:48:39","modified_gmt":"2025-04-13T02:48:39","slug":"60tazelenme-universitesi","status":"publish","type":"page","link":"http:\/\/maun-gerontoloji-bolumu.com\/?page_id=588","title":{"rendered":"60+Tazelenme \u00dcniversitesi"},"content":{"rendered":"\n<div class=\"wp-block-columns alignwide is-layout-flex wp-container-core-columns-is-layout-0b577f17 wp-block-columns-is-layout-flex\" style=\"padding-top:0;padding-right:0;padding-bottom:0;padding-left:0\">\n<div class=\"wp-block-column is-vertically-aligned-center is-layout-flow wp-block-column-is-layout-flow\">\n<p class=\"has-text-align-left has-accent-color has-text-color has-link-color has-small-font-size wp-elements-1e79bb3d014afc5d1da64c37d4568988\" style=\"font-style:normal;font-weight:600;text-transform:uppercase\">G\u00f6n\u00fcl\u00fcl\u00fckten do\u011fan s\u00fcrd\u00fcr\u00fclebilirlik<\/p>\n\n\n\n<h2 class=\"wp-block-heading\">Kurulu\u015fu<\/h2>\n\n\n\n<p>Akdeniz \u00dcniversitesi Sa\u011fl\u0131k Bilimleri Fak\u00fcltesi Gerontoloji B\u00f6l\u00fcm\u00fc kurucu Ba\u015fkan\u0131 Prof. Dr. \u0130smail Tufan taraf\u0131ndan 2016 y\u0131l\u0131nda kurulan 60+Tazelenme \u00dcniversitesi, yine Prof. Tufan&#8217;\u0131n kurdu\u0131\u011fu ve ba\u015fkan\u0131 oldu\u011fu Ulusal Sosyal ve Uygulamal\u0131 Gerontoloji Derne\u011fi ile A\u00dc Gerontoloji B\u00f6l\u00fcm\u00fcn\u00fcn i\u015f birli\u011fi ile hayata ge\u00e7irildi.<\/p>\n\n\n\n<h2 id=\"wp-block-themeisle-blocks-advanced-heading-93df390f\" class=\"wp-block-themeisle-blocks-advanced-heading wp-block-themeisle-blocks-advanced-heading-93df390f\">Geli\u015fmesi<\/h2>\n\n\n\n<p>K\u0131sa s\u00fcrede ad\u0131 \u00fclke \u00e7ap\u0131nda duyulan 60+Tazelenme \u00dcniversitesinin geli\u015fmesi de son derece h\u0131zl\u0131 ger\u00e7ekle\u015fti. \u00d6nce birka\u00e7 \u00fcniversite Prof. Dr.Tufan ile irtibata ge\u00e7erek, 60+Tazelenme \u00dcniversitesini kendi \u00fcniversitelerine entegre etmek istediklerini ama bunun i\u00e7in deste\u011fe ihtiya\u00e7 duyduklar\u0131n\u0131  belirttiler. Prof. Dr. \u0130smail Tufan bu konuda her t\u00fcrl\u00fc deste\u011fi sa\u011flayarak, yeni kamp\u00fcslerin a\u00e7\u0131llmas\u0131na e\u015flik etti.<\/p>\n\n\n\n<p>60+Tazelenme \u00dcniversitesini 2020 y\u0131l\u0131nda, Aile ve Sosyal Hizmetler Bakanl\u0131\u011f\u0131na devreden Prof. Dr. Tufan, yeni kamp\u00fcslerin a\u00e7\u0131lmas\u0131nda aktif rol oynad\u0131 ve bunu hala devet ettiriyor. Son bir y\u0131l i\u00e7inde Do\u011fu Anadolu ilerimizdeki \u00fcniversitelerin bir k\u0131sm\u0131nda da 60+Tazelenme \u00dcniversitesi kamp\u00fcsleri kuruldu, \u00f6rne\u011fin \u015e\u0131rnak&#8217;ta.    <\/p>\n\n\n\n<h2 id=\"wp-block-themeisle-blocks-advanced-heading-9ccc6ddf\" class=\"wp-block-themeisle-blocks-advanced-heading wp-block-themeisle-blocks-advanced-heading-9ccc6ddf\">Benzerleri var e\u015fi yok!<\/h2>\n\n\n\n<p>60+Tazelenme \u00dcniversitesinin bir\u00e7ok \u00fclkede benzerleri var ama e\u015fi yok! E\u015fsiz niteli\u011fini g\u00f6n\u00fcl\u00fcl\u00fck ilkesinden al\u0131yor. Di\u011fer \u00fclkelerde e\u011fitime kat\u0131lmak isteyen ya\u015fl\u0131lardan s\u00f6mestre ba\u015f\u0131na belli bir kat\u0131l\u0131m \u00fccreti al\u0131n\u0131yor ve hocalar ders verdikleri i\u00e7in bunun kar\u015f\u0131l\u0131\u011f\u0131nda ek bir maa\u015f al\u0131yorlar. <\/p>\n\n\n\n<p>T\u00fcrkiye&#8217;de ise 60+Tazlenme \u00dcniversitesine kat\u0131l\u0131m hem \u00fccretsizdir hem de hocalar g\u00f6n\u00fcll\u00fc olarak mesai saatleri d\u0131\u015f\u0131nda ders veriyorlar. Bu g\u00f6n\u00fcll\u00fcl\u00fck ilkesinin kayna\u011f\u0131n\u0131, Anadolu k\u00fclt\u00fcr\u00fcn\u00fcn samimiyet ve insanc\u0131ll\u0131k \u00f6zellikleri olu\u015fturuyor.      <\/p>\n<\/div>\n\n\n\n<div class=\"wp-block-column is-layout-flow wp-block-column-is-layout-flow\" style=\"flex-basis:40%\">\n<figure class=\"wp-block-image size-full has-custom-border is-style-default\"><img loading=\"lazy\" decoding=\"async\" width=\"640\" height=\"425\" src=\"http:\/\/maun-gerontoloji-bolumu.com\/wp-content\/uploads\/2025\/04\/to-learn-3968765_640.jpg\" alt=\"\" class=\"wp-image-1267\" style=\"border-radius:8px;aspect-ratio:1;object-fit:cover\" srcset=\"http:\/\/maun-gerontoloji-bolumu.com\/wp-content\/uploads\/2025\/04\/to-learn-3968765_640.jpg 640w, http:\/\/maun-gerontoloji-bolumu.com\/wp-content\/uploads\/2025\/04\/to-learn-3968765_640-300x199.jpg 300w, http:\/\/maun-gerontoloji-bolumu.com\/wp-content\/uploads\/2025\/04\/to-learn-3968765_640-360x240.jpg 360w\" sizes=\"auto, (max-width: 640px) 100vw, 640px\" \/><\/figure>\n<\/div>\n<\/div>\n","protected":false},"excerpt":{"rendered":"<p>G\u00f6n\u00fcl\u00fcl\u00fckten do\u011fan s\u00fcrd\u00fcr\u00fclebilirlik Kurulu\u015fu Akdeniz \u00dcniversitesi Sa\u011fl\u0131k Bilimleri Fak\u00fcltesi Gerontoloji B\u00f6l\u00fcm\u00fc kurucu Ba\u015fkan\u0131 Prof. Dr. \u0130smail Tufan taraf\u0131ndan 2016 y\u0131l\u0131nda kurulan 60+Tazelenme \u00dcniversitesi, yine Prof. Tufan&#8217;\u0131n kurdu\u0131\u011fu ve ba\u015fkan\u0131 oldu\u011fu Ulusal Sosyal ve Uygulamal\u0131 Gerontoloji Derne\u011fi ile A\u00dc Gerontoloji B\u00f6l\u00fcm\u00fcn\u00fcn i\u015f birli\u011fi ile hayata ge\u00e7irildi. K\u0131sa s\u00fcrede ad\u0131 \u00fclke \u00e7ap\u0131nda [&hellip;]<\/p>\n","protected":false},"author":1,"featured_media":0,"parent":0,"menu_order":0,"comment_status":"closed","ping_status":"closed","template":"","meta":{"_themeisle_gutenberg_block_has_review":false,"footnotes":""},"class_list":["post-588","page","type-page","status-publish","hentry"],"_links":{"self":[{"href":"http:\/\/maun-gerontoloji-bolumu.com\/index.php?rest_route=\/wp\/v2\/pages\/588","targetHints":{"allow":["GET"]}}],"collection":[{"href":"http:\/\/maun-gerontoloji-bolumu.com\/index.php?rest_route=\/wp\/v2\/pages"}],"about":[{"href":"http:\/\/maun-gerontoloji-bolumu.com\/index.php?rest_route=\/wp\/v2\/types\/page"}],"author":[{"embeddable":true,"href":"http:\/\/maun-gerontoloji-bolumu.com\/index.php?rest_route=\/wp\/v2\/users\/1"}],"replies":[{"embeddable":true,"href":"http:\/\/maun-gerontoloji-bolumu.com\/index.php?rest_route=%2Fwp%2Fv2%2Fcomments&post=588"}],"version-history":[{"count":9,"href":"http:\/\/maun-gerontoloji-bolumu.com\/index.php?rest_route=\/wp\/v2\/pages\/588\/revisions"}],"predecessor-version":[{"id":1268,"href":"http:\/\/maun-gerontoloji-bolumu.com\/index.php?rest_route=\/wp\/v2\/pages\/588\/revisions\/1268"}],"wp:attachment":[{"href":"http:\/\/maun-gerontoloji-bolumu.com\/index.php?rest_route=%2Fwp%2Fv2%2Fmedia&parent=588"}],"curies":[{"name":"wp","href":"https:\/\/api.w.org\/{rel}","templated":true}]}}