{"id":578,"date":"2025-04-06T22:56:32","date_gmt":"2025-04-06T19:56:32","guid":{"rendered":"http:\/\/maun-gerontoloji-bolumu.com\/?page_id=578"},"modified":"2025-04-08T23:43:47","modified_gmt":"2025-04-08T20:43:47","slug":"yeni","status":"publish","type":"page","link":"http:\/\/maun-gerontoloji-bolumu.com\/?page_id=578","title":{"rendered":"Uygulamal\u0131 Gerontoloji"},"content":{"rendered":"\n<div class=\"wp-block-columns alignwide is-layout-flex wp-container-core-columns-is-layout-0b577f17 wp-block-columns-is-layout-flex\" style=\"padding-top:0;padding-right:0;padding-bottom:0;padding-left:0\">\n<div class=\"wp-block-column is-vertically-aligned-center is-layout-flow wp-block-column-is-layout-flow\">\n<p class=\"has-text-align-left has-accent-color has-text-color has-link-color has-small-font-size wp-elements-75fa96d7abba345b046cdb71866625c0\" style=\"font-style:normal;font-weight:600;text-transform:uppercase\">Disiplinler aras\u0131 uygulamal\u0131 bilim dal\u0131<\/p>\n\n\n\n<h2 class=\"wp-block-heading\">Gerontolojik Bilginin Uygulama Alanlar\u0131na Aktar\u0131m\u0131<\/h2>\n\n\n\n<p>Gerontoloj\u015f sadece teorik \u00e7al\u0131\u015fmalar yapan bir bilim dal\u0131 de\u011fildir, ayn\u0131 zamanda bir\u00e7ok uygulama alan\u0131nda da faaliyete kat\u0131lmaktad\u0131r. Tedavi, terapi, rehabilitasyon, intervensiyon ve prenvensiyonun yan\u0131 s\u0131ra bunlarla da ba\u011flant\u0131l\u0131 olan huzurevi ve bak\u0131mevi, ya\u015fl\u0131 destek ve hizmetleri gibi pek \u00e7ok alanda, gerontologlara duyulan ihtiyac\u0131 kar\u015f\u0131lamaktad\u0131r.   <\/p>\n<\/div>\n\n\n\n<div class=\"wp-block-column is-layout-flow wp-block-column-is-layout-flow\" style=\"flex-basis:40%\">\n<figure class=\"wp-block-image size-full has-custom-border is-style-default\"><img loading=\"lazy\" decoding=\"async\" width=\"494\" height=\"640\" src=\"http:\/\/maun-gerontoloji-bolumu.com\/wp-content\/uploads\/2025\/04\/mother-5374622_640.jpg\" alt=\"\" class=\"wp-image-467\" style=\"border-radius:8px;aspect-ratio:1;object-fit:cover\" srcset=\"http:\/\/maun-gerontoloji-bolumu.com\/wp-content\/uploads\/2025\/04\/mother-5374622_640.jpg 494w, http:\/\/maun-gerontoloji-bolumu.com\/wp-content\/uploads\/2025\/04\/mother-5374622_640-232x300.jpg 232w\" sizes=\"auto, (max-width: 494px) 100vw, 494px\" \/><\/figure>\n<\/div>\n<\/div>\n","protected":false},"excerpt":{"rendered":"<p>Disiplinler aras\u0131 uygulamal\u0131 bilim dal\u0131 Gerontolojik Bilginin Uygulama Alanlar\u0131na Aktar\u0131m\u0131 Gerontoloj\u015f sadece teorik \u00e7al\u0131\u015fmalar yapan bir bilim dal\u0131 de\u011fildir, ayn\u0131 zamanda bir\u00e7ok uygulama alan\u0131nda da faaliyete kat\u0131lmaktad\u0131r. Tedavi, terapi, rehabilitasyon, intervensiyon ve prenvensiyonun yan\u0131 s\u0131ra bunlarla da ba\u011flant\u0131l\u0131 olan huzurevi ve bak\u0131mevi, ya\u015fl\u0131 destek ve hizmetleri gibi pek \u00e7ok alanda, [&hellip;]<\/p>\n","protected":false},"author":1,"featured_media":0,"parent":0,"menu_order":0,"comment_status":"closed","ping_status":"closed","template":"","meta":{"_themeisle_gutenberg_block_has_review":false,"footnotes":""},"class_list":["post-578","page","type-page","status-publish","hentry"],"_links":{"self":[{"href":"http:\/\/maun-gerontoloji-bolumu.com\/index.php?rest_route=\/wp\/v2\/pages\/578","targetHints":{"allow":["GET"]}}],"collection":[{"href":"http:\/\/maun-gerontoloji-bolumu.com\/index.php?rest_route=\/wp\/v2\/pages"}],"about":[{"href":"http:\/\/maun-gerontoloji-bolumu.com\/index.php?rest_route=\/wp\/v2\/types\/page"}],"author":[{"embeddable":true,"href":"http:\/\/maun-gerontoloji-bolumu.com\/index.php?rest_route=\/wp\/v2\/users\/1"}],"replies":[{"embeddable":true,"href":"http:\/\/maun-gerontoloji-bolumu.com\/index.php?rest_route=%2Fwp%2Fv2%2Fcomments&post=578"}],"version-history":[{"count":6,"href":"http:\/\/maun-gerontoloji-bolumu.com\/index.php?rest_route=\/wp\/v2\/pages\/578\/revisions"}],"predecessor-version":[{"id":1034,"href":"http:\/\/maun-gerontoloji-bolumu.com\/index.php?rest_route=\/wp\/v2\/pages\/578\/revisions\/1034"}],"wp:attachment":[{"href":"http:\/\/maun-gerontoloji-bolumu.com\/index.php?rest_route=%2Fwp%2Fv2%2Fmedia&parent=578"}],"curies":[{"name":"wp","href":"https:\/\/api.w.org\/{rel}","templated":true}]}}