{"id":568,"date":"2025-04-06T22:43:12","date_gmt":"2025-04-06T19:43:12","guid":{"rendered":"http:\/\/maun-gerontoloji-bolumu.com\/?page_id=568"},"modified":"2025-04-08T23:38:13","modified_gmt":"2025-04-08T20:38:13","slug":"gerontolojinin-gelisimi","status":"publish","type":"page","link":"http:\/\/maun-gerontoloji-bolumu.com\/?page_id=568","title":{"rendered":"Gerontolojinin Geli\u015fimi"},"content":{"rendered":"\n<div class=\"wp-block-columns alignwide is-layout-flex wp-container-core-columns-is-layout-0b577f17 wp-block-columns-is-layout-flex\" style=\"padding-top:0;padding-right:0;padding-bottom:0;padding-left:0\">\n<div class=\"wp-block-column is-vertically-aligned-center is-layout-flow wp-block-column-is-layout-flow\">\n<p class=\"has-text-align-left has-accent-color has-text-color has-link-color has-small-font-size wp-elements-dd9a57858f7bf211c748123b6ed3b116\" style=\"font-style:normal;font-weight:600;text-transform:uppercase\">Gerontolojide hen\u00fcz \u00e7ok yeniyiz<\/p>\n\n\n\n<h2 class=\"wp-block-heading\">D\u00fcnyada ve T\u00fcrkiye&#8217;de Gerontoloji<\/h2>\n\n\n\n<p>Gerontoloji &nbsp;20. y\u00fczy\u0131l\u0131n &nbsp;ba\u015flar\u0131nda &nbsp;ABD\u2019de &nbsp;ortaya &nbsp;\u00e7\u0131km\u0131\u015ft\u0131r (Birren, 1996, Kruse &amp; Martin, 2004 , Staudinger &amp; Haefner, 2008). Gerontolojiden &nbsp;\u00e7e\u015fitli bilimlerin &nbsp;teori, &nbsp;kavram, &nbsp;y\u00f6ntem ve bulgular\u0131n\u0131 dikkate almas\u0131 ve kendi perspektiflerine entegre ederek ya\u015flanmay\u0131 tarif etmesi, a\u00e7\u0131klamas\u0131, \u00f6ng\u00f6r\u00fcler ortaya koymas\u0131 beklenmektedir (Kruse &amp; Martin, 2004, s.9). <\/p>\n\n\n\n<p>T\u00fcrkiye&#8217;de gerontoloji Prof. Dr. \u0130smail Tufan taraf\u0131ndan 2006 y\u0131l\u0131nda kurulan A\u00dc Gerontoloji B\u00f6l\u00fcm\u00fc ile bilim camiam\u0131za kat\u0131ld\u0131. \u00dc\u00e7 y\u0131ll\u0131k haz\u0131rl\u0131k d\u00f6neminden sonra 2009 y\u0131l\u0131nda \u00f6\u011fretime ba\u015flad\u0131. Bug\u00fcn bir\u00e7ok \u00fcniversitemizde gerontoloji b\u00f6l\u00fcmlerinde gen\u00e7ler, lisans, y\u00fcksek lisans ve doktora programlar\u0131na kat\u0131l\u0131yorlar.  <\/p>\n<\/div>\n\n\n\n<div class=\"wp-block-column is-layout-flow wp-block-column-is-layout-flow\" style=\"flex-basis:40%\">\n<figure class=\"wp-block-image size-full has-custom-border is-style-default\"><img decoding=\"async\" src=\"http:\/\/maun-gerontoloji-bolumu.com\/wp-content\/uploads\/2025\/04\/business-3563101_640.jpg\" alt=\"\" class=\"wp-image-436\" style=\"border-radius:8px;aspect-ratio:1;object-fit:cover\"\/><\/figure>\n<\/div>\n<\/div>\n","protected":false},"excerpt":{"rendered":"<p>Gerontolojide hen\u00fcz \u00e7ok yeniyiz D\u00fcnyada ve T\u00fcrkiye&#8217;de Gerontoloji Gerontoloji &nbsp;20. y\u00fczy\u0131l\u0131n &nbsp;ba\u015flar\u0131nda &nbsp;ABD\u2019de &nbsp;ortaya &nbsp;\u00e7\u0131km\u0131\u015ft\u0131r (Birren, 1996, Kruse &amp; Martin, 2004 , Staudinger &amp; Haefner, 2008). Gerontolojiden &nbsp;\u00e7e\u015fitli bilimlerin &nbsp;teori, &nbsp;kavram, &nbsp;y\u00f6ntem ve bulgular\u0131n\u0131 dikkate almas\u0131 ve kendi perspektiflerine entegre ederek ya\u015flanmay\u0131 tarif etmesi, a\u00e7\u0131klamas\u0131, \u00f6ng\u00f6r\u00fcler ortaya koymas\u0131 beklenmektedir (Kruse [&hellip;]<\/p>\n","protected":false},"author":1,"featured_media":0,"parent":0,"menu_order":0,"comment_status":"closed","ping_status":"closed","template":"","meta":{"_themeisle_gutenberg_block_has_review":false,"footnotes":""},"class_list":["post-568","page","type-page","status-publish","hentry"],"_links":{"self":[{"href":"http:\/\/maun-gerontoloji-bolumu.com\/index.php?rest_route=\/wp\/v2\/pages\/568","targetHints":{"allow":["GET"]}}],"collection":[{"href":"http:\/\/maun-gerontoloji-bolumu.com\/index.php?rest_route=\/wp\/v2\/pages"}],"about":[{"href":"http:\/\/maun-gerontoloji-bolumu.com\/index.php?rest_route=\/wp\/v2\/types\/page"}],"author":[{"embeddable":true,"href":"http:\/\/maun-gerontoloji-bolumu.com\/index.php?rest_route=\/wp\/v2\/users\/1"}],"replies":[{"embeddable":true,"href":"http:\/\/maun-gerontoloji-bolumu.com\/index.php?rest_route=%2Fwp%2Fv2%2Fcomments&post=568"}],"version-history":[{"count":8,"href":"http:\/\/maun-gerontoloji-bolumu.com\/index.php?rest_route=\/wp\/v2\/pages\/568\/revisions"}],"predecessor-version":[{"id":1030,"href":"http:\/\/maun-gerontoloji-bolumu.com\/index.php?rest_route=\/wp\/v2\/pages\/568\/revisions\/1030"}],"wp:attachment":[{"href":"http:\/\/maun-gerontoloji-bolumu.com\/index.php?rest_route=%2Fwp%2Fv2%2Fmedia&parent=568"}],"curies":[{"name":"wp","href":"https:\/\/api.w.org\/{rel}","templated":true}]}}