{"id":549,"date":"2025-04-06T22:22:34","date_gmt":"2025-04-06T19:22:34","guid":{"rendered":"http:\/\/maun-gerontoloji-bolumu.com\/?page_id=549"},"modified":"2025-04-13T04:19:27","modified_gmt":"2025-04-13T01:19:27","slug":"yasli-hizmetleri","status":"publish","type":"page","link":"http:\/\/maun-gerontoloji-bolumu.com\/?page_id=549","title":{"rendered":"Ya\u015fl\u0131 Hizmet Sistemi"},"content":{"rendered":"\n<div class=\"wp-block-columns alignwide is-layout-flex wp-container-core-columns-is-layout-0b577f17 wp-block-columns-is-layout-flex\" style=\"padding-top:0;padding-right:0;padding-bottom:0;padding-left:0\">\n<div class=\"wp-block-column is-vertically-aligned-center is-layout-flow wp-block-column-is-layout-flow\">\n<p class=\"has-text-align-left has-accent-color has-text-color has-link-color has-small-font-size wp-elements-e58a2350f4400f827079c783568aca60\" style=\"font-style:normal;font-weight:600;text-transform:uppercase\">Sosyal Hizmetin \u00f6tesinde bir \u015fey<\/p>\n\n\n\n<h2 class=\"wp-block-heading\">Ya\u015fl\u0131lar i\u00e7in hizmet sisteminin boyutlar\u0131<\/h2>\n\n\n\n<p>Ya\u015fl\u0131lar i\u00e7in hizmet sistemi kavram\u0131yla vurgulanan \u015fey, bir\u00e7ok farkl\u0131 hizmetin birbiriyle mant\u0131kl\u0131 bir \u015fekilde ba\u011flant\u0131s\u0131d\u0131r. Bu hizmet sisteminin kapsam\u0131nda ya\u015fl\u0131l\u0131kta psikoterapi, intervesyon konseptleri, sosyal hizmetler, prevensiyon ve rehabilitasyon, bak\u0131m hizmetleri, bak\u0131m hizmerinin profesyonelle\u015fmesi ve bak\u0131m sekt\u00f6r\u00fc, demans hastalar\u0131n\u0131n ihtiya\u00e7lar\u0131n\u0131n kar\u015f\u0131lanmas\u0131, do\u011fu\u015ftan veya sonradan zihinsel engelli olan ki\u015filerin ya\u015flanma s\u00fcre\u00e7lerinin yap\u0131land\u0131r\u0131lmas\u0131 gibi pek \u00e7ok farkl\u0131 alan yer almaktad\u0131r. Dolay\u0131s\u0131yla &#8220;sosyal hizmet&#8221; kavram\u0131yla \u00f6rt\u00fc\u015fmeyen, aksine bunun s\u0131n\u0131rlar\u0131n\u0131n \u00f6tesine ta\u015fan bir &#8220;sistem&#8221; gereklidir. .  <\/p>\n<\/div>\n\n\n\n<div class=\"wp-block-column is-layout-flow wp-block-column-is-layout-flow\" style=\"flex-basis:40%\">\n<figure class=\"wp-block-image size-full has-custom-border is-style-default\"><img loading=\"lazy\" decoding=\"async\" width=\"640\" height=\"449\" src=\"http:\/\/maun-gerontoloji-bolumu.com\/wp-content\/uploads\/2025\/04\/communication-1297544_640.png\" alt=\"\" class=\"wp-image-438\" style=\"border-radius:8px;aspect-ratio:1;object-fit:cover\" srcset=\"http:\/\/maun-gerontoloji-bolumu.com\/wp-content\/uploads\/2025\/04\/communication-1297544_640.png 640w, http:\/\/maun-gerontoloji-bolumu.com\/wp-content\/uploads\/2025\/04\/communication-1297544_640-300x210.png 300w\" sizes=\"auto, (max-width: 640px) 100vw, 640px\" \/><\/figure>\n<\/div>\n<\/div>\n","protected":false},"excerpt":{"rendered":"<p>Sosyal Hizmetin \u00f6tesinde bir \u015fey Ya\u015fl\u0131lar i\u00e7in hizmet sisteminin boyutlar\u0131 Ya\u015fl\u0131lar i\u00e7in hizmet sistemi kavram\u0131yla vurgulanan \u015fey, bir\u00e7ok farkl\u0131 hizmetin birbiriyle mant\u0131kl\u0131 bir \u015fekilde ba\u011flant\u0131s\u0131d\u0131r. Bu hizmet sisteminin kapsam\u0131nda ya\u015fl\u0131l\u0131kta psikoterapi, intervesyon konseptleri, sosyal hizmetler, prevensiyon ve rehabilitasyon, bak\u0131m hizmetleri, bak\u0131m hizmerinin profesyonelle\u015fmesi ve bak\u0131m sekt\u00f6r\u00fc, demans hastalar\u0131n\u0131n ihtiya\u00e7lar\u0131n\u0131n kar\u015f\u0131lanmas\u0131, [&hellip;]<\/p>\n","protected":false},"author":1,"featured_media":0,"parent":0,"menu_order":0,"comment_status":"closed","ping_status":"closed","template":"","meta":{"_themeisle_gutenberg_block_has_review":false,"footnotes":""},"class_list":["post-549","page","type-page","status-publish","hentry"],"_links":{"self":[{"href":"http:\/\/maun-gerontoloji-bolumu.com\/index.php?rest_route=\/wp\/v2\/pages\/549","targetHints":{"allow":["GET"]}}],"collection":[{"href":"http:\/\/maun-gerontoloji-bolumu.com\/index.php?rest_route=\/wp\/v2\/pages"}],"about":[{"href":"http:\/\/maun-gerontoloji-bolumu.com\/index.php?rest_route=\/wp\/v2\/types\/page"}],"author":[{"embeddable":true,"href":"http:\/\/maun-gerontoloji-bolumu.com\/index.php?rest_route=\/wp\/v2\/users\/1"}],"replies":[{"embeddable":true,"href":"http:\/\/maun-gerontoloji-bolumu.com\/index.php?rest_route=%2Fwp%2Fv2%2Fcomments&post=549"}],"version-history":[{"count":6,"href":"http:\/\/maun-gerontoloji-bolumu.com\/index.php?rest_route=\/wp\/v2\/pages\/549\/revisions"}],"predecessor-version":[{"id":1224,"href":"http:\/\/maun-gerontoloji-bolumu.com\/index.php?rest_route=\/wp\/v2\/pages\/549\/revisions\/1224"}],"wp:attachment":[{"href":"http:\/\/maun-gerontoloji-bolumu.com\/index.php?rest_route=%2Fwp%2Fv2%2Fmedia&parent=549"}],"curies":[{"name":"wp","href":"https:\/\/api.w.org\/{rel}","templated":true}]}}