{"id":530,"date":"2025-04-06T22:04:42","date_gmt":"2025-04-06T19:04:42","guid":{"rendered":"http:\/\/maun-gerontoloji-bolumu.com\/?page_id=530"},"modified":"2025-04-08T00:52:16","modified_gmt":"2025-04-07T21:52:16","slug":"530-2","status":"publish","type":"page","link":"http:\/\/maun-gerontoloji-bolumu.com\/?page_id=530","title":{"rendered":"Biyo-Psikolojik Ya\u015flanma"},"content":{"rendered":"\n<div class=\"wp-block-columns alignwide is-layout-flex wp-container-core-columns-is-layout-0b577f17 wp-block-columns-is-layout-flex\" style=\"padding-top:0;padding-right:0;padding-bottom:0;padding-left:0\">\n<div class=\"wp-block-column is-vertically-aligned-center is-layout-flow wp-block-column-is-layout-flow\">\n<p class=\"has-text-align-left has-accent-color has-text-color has-link-color has-small-font-size wp-elements-3505099098ad8f3aa6d662ddb4f2e951\" style=\"font-style:normal;font-weight:600;text-transform:uppercase\">Biyolojik Ya\u015flanma<\/p>\n\n\n\n<h2 class=\"wp-block-heading\">Ya\u015flanma h\u00fccrelerde ba\u015flar<\/h2>\n\n\n\n<p>Ya\u015flanma, organizmada giderek artan ve farkl\u0131 bi\u00e7imlerde onu hasara u\u011fratan h\u00fccre d\u00fczleminde ortaya \u00e7\u0131kan, geri d\u00f6n\u00fc\u015ft\u00fcr\u00fclmesi imkans\u0131z olan de\u011fi\u015fimlerin birikimidir (Ding-Greiner &amp; Lang, 2004). Bu nedenle h\u00fccreler aras\u0131 ileti\u015fim giderek daha zorla\u015f\u0131r. Ya\u015flanman\u0131n, biyolojik enformasyon kayb\u0131 anlam\u0131na geldi\u011fi konusunda uzmanlar aras\u0131nda g\u00f6r\u00fc\u015f birli\u011fi vard\u0131r (Comfort, 1970: akt. Mann, 1982). Organizman\u0131n fonksiyonlar\u0131nda ve organ yap\u0131lar\u0131ndaki, geri d\u00f6n\u00fc\u015ft\u00fcr\u00fclmesi olanaks\u0131z olan de\u011fi\u015fimler, biyolojik ya\u015flanmay\u0131 belirler (Schachtschnabel, 2004).<\/p>\n<\/div>\n\n\n\n<div class=\"wp-block-column is-layout-flow wp-block-column-is-layout-flow\" style=\"flex-basis:40%\">\n<figure class=\"wp-block-image size-full has-custom-border is-style-default\"><img loading=\"lazy\" decoding=\"async\" width=\"640\" height=\"640\" src=\"http:\/\/maun-gerontoloji-bolumu.com\/wp-content\/uploads\/2025\/04\/brain-7670380_640.jpg\" alt=\"\" class=\"wp-image-435\" style=\"border-radius:8px;aspect-ratio:1;object-fit:cover\" srcset=\"http:\/\/maun-gerontoloji-bolumu.com\/wp-content\/uploads\/2025\/04\/brain-7670380_640.jpg 640w, http:\/\/maun-gerontoloji-bolumu.com\/wp-content\/uploads\/2025\/04\/brain-7670380_640-300x300.jpg 300w, http:\/\/maun-gerontoloji-bolumu.com\/wp-content\/uploads\/2025\/04\/brain-7670380_640-150x150.jpg 150w\" sizes=\"auto, (max-width: 640px) 100vw, 640px\" \/><\/figure>\n<\/div>\n<\/div>\n\n\n\n<p><\/p>\n","protected":false},"excerpt":{"rendered":"<p>Biyolojik Ya\u015flanma Ya\u015flanma h\u00fccrelerde ba\u015flar Ya\u015flanma, organizmada giderek artan ve farkl\u0131 bi\u00e7imlerde onu hasara u\u011fratan h\u00fccre d\u00fczleminde ortaya \u00e7\u0131kan, geri d\u00f6n\u00fc\u015ft\u00fcr\u00fclmesi imkans\u0131z olan de\u011fi\u015fimlerin birikimidir (Ding-Greiner &amp; Lang, 2004). Bu nedenle h\u00fccreler aras\u0131 ileti\u015fim giderek daha zorla\u015f\u0131r. Ya\u015flanman\u0131n, biyolojik enformasyon kayb\u0131 anlam\u0131na geldi\u011fi konusunda uzmanlar aras\u0131nda g\u00f6r\u00fc\u015f birli\u011fi vard\u0131r (Comfort, [&hellip;]<\/p>\n","protected":false},"author":1,"featured_media":0,"parent":0,"menu_order":0,"comment_status":"closed","ping_status":"closed","template":"","meta":{"_themeisle_gutenberg_block_has_review":false,"footnotes":""},"class_list":["post-530","page","type-page","status-publish","hentry"],"_links":{"self":[{"href":"http:\/\/maun-gerontoloji-bolumu.com\/index.php?rest_route=\/wp\/v2\/pages\/530","targetHints":{"allow":["GET"]}}],"collection":[{"href":"http:\/\/maun-gerontoloji-bolumu.com\/index.php?rest_route=\/wp\/v2\/pages"}],"about":[{"href":"http:\/\/maun-gerontoloji-bolumu.com\/index.php?rest_route=\/wp\/v2\/types\/page"}],"author":[{"embeddable":true,"href":"http:\/\/maun-gerontoloji-bolumu.com\/index.php?rest_route=\/wp\/v2\/users\/1"}],"replies":[{"embeddable":true,"href":"http:\/\/maun-gerontoloji-bolumu.com\/index.php?rest_route=%2Fwp%2Fv2%2Fcomments&post=530"}],"version-history":[{"count":10,"href":"http:\/\/maun-gerontoloji-bolumu.com\/index.php?rest_route=\/wp\/v2\/pages\/530\/revisions"}],"predecessor-version":[{"id":820,"href":"http:\/\/maun-gerontoloji-bolumu.com\/index.php?rest_route=\/wp\/v2\/pages\/530\/revisions\/820"}],"wp:attachment":[{"href":"http:\/\/maun-gerontoloji-bolumu.com\/index.php?rest_route=%2Fwp%2Fv2%2Fmedia&parent=530"}],"curies":[{"name":"wp","href":"https:\/\/api.w.org\/{rel}","templated":true}]}}