{"id":526,"date":"2025-04-06T22:00:18","date_gmt":"2025-04-06T19:00:18","guid":{"rendered":"http:\/\/maun-gerontoloji-bolumu.com\/?page_id=526"},"modified":"2025-04-13T12:42:10","modified_gmt":"2025-04-13T09:42:10","slug":"konu-2","status":"publish","type":"page","link":"http:\/\/maun-gerontoloji-bolumu.com\/?page_id=526","title":{"rendered":"Toplum ve Ya\u015flanma"},"content":{"rendered":"\n<div class=\"wp-block-columns alignwide is-layout-flex wp-container-core-columns-is-layout-0b577f17 wp-block-columns-is-layout-flex\" style=\"padding-top:0;padding-right:0;padding-bottom:0;padding-left:0\">\n<div class=\"wp-block-column is-vertically-aligned-center is-layout-flow wp-block-column-is-layout-flow\">\n<p class=\"has-text-align-left has-accent-color has-text-color has-link-color has-small-font-size wp-elements-4a706a464c7602ed56afd61dbe6e5c78\" style=\"font-style:normal;font-weight:600;text-transform:uppercase\">DEMOGRAF\u0130  <\/p>\n\n\n\n<h2 class=\"wp-block-heading\">\u0130leri ya\u015fl\u0131l\u0131\u011f\u0131n demografisi<\/h2>\n\n\n\n<p>Ya\u015fl\u0131 n\u00fcfusun g\u00fcn\u00fcm\u00fczdeki ve \u00f6zellikle beklenen art\u0131\u015f\u0131, bir\u00e7ok disiplinde bilimsel faaliyetlerin yap\u0131lmas\u0131 i\u00e7in \u00f6nemli bir arg\u00fcman olarak s\u0131kl\u0131kla kullan\u0131lmaktad\u0131r. Bu demografik de\u011fi\u015fime ili\u015fkin temel i\u00e7g\u00f6r\u00fcler yayg\u0131nd\u0131r. <\/p>\n\n\n\n<p>Gerontolojiyle ilgilenen herkes, ya\u015fam beklentisinin her ge\u00e7en y\u0131l artt\u0131\u011f\u0131n\u0131, ya\u015fl\u0131 n\u00fcfusun ve bu n\u00fcfusun toplam n\u00fcfus i\u00e7indeki oran\u0131n\u0131n artt\u0131\u011f\u0131n\u0131, kad\u0131nlar\u0131n erkeklerden daha uzun ya\u015fad\u0131\u011f\u0131n\u0131 ve muhtemelen 100 ya\u015f\u0131n\u0131 ge\u00e7enlerin say\u0131s\u0131n\u0131n her ge\u00e7en y\u0131l h\u0131zla artt\u0131\u011f\u0131n\u0131 bilmektedir. <\/p>\n\n\n\n<p>Ancak toplumun ya\u015flanmas\u0131nda hangi spesifik unsurlar\u0131n ve s\u00fcre\u00e7lerin rol oynad\u0131\u011f\u0131 daha az bilinmektedir. Demografi ve alt bilim dallar\u0131 bu soruya cevap vermeye \u00e7al\u0131\u015fmaktad\u0131r. Genel demografi (n\u00fcfusbilim), bir n\u00fcfusun yap\u0131s\u0131n\u0131n do\u011fumlar ve \u00f6l\u00fcmler yoluyla zaman i\u00e7inde nas\u0131l de\u011fi\u015fti\u011fini inceler.  Ya\u015flanman\u0131n demografisi, hem bir alt pop\u00fclasyonu, yani ya\u015fl\u0131lar\u0131 hem de bir toplumdaki ya\u015flanman\u0131n demografik s\u00fcrecini tan\u0131mlar (Rott, 2004). <\/p>\n<\/div>\n\n\n\n<div class=\"wp-block-column is-layout-flow wp-block-column-is-layout-flow\" style=\"flex-basis:40%\">\n<figure class=\"wp-block-image size-full has-custom-border is-style-default\"><img loading=\"lazy\" decoding=\"async\" width=\"535\" height=\"640\" src=\"http:\/\/maun-gerontoloji-bolumu.com\/wp-content\/uploads\/2025\/04\/mode-3706794_640.jpg\" alt=\"\" class=\"wp-image-466\" style=\"border-radius:8px;aspect-ratio:1;object-fit:cover\" srcset=\"http:\/\/maun-gerontoloji-bolumu.com\/wp-content\/uploads\/2025\/04\/mode-3706794_640.jpg 535w, http:\/\/maun-gerontoloji-bolumu.com\/wp-content\/uploads\/2025\/04\/mode-3706794_640-251x300.jpg 251w\" sizes=\"auto, (max-width: 535px) 100vw, 535px\" \/><\/figure>\n<\/div>\n<\/div>\n","protected":false},"excerpt":{"rendered":"<p>DEMOGRAF\u0130 \u0130leri ya\u015fl\u0131l\u0131\u011f\u0131n demografisi Ya\u015fl\u0131 n\u00fcfusun g\u00fcn\u00fcm\u00fczdeki ve \u00f6zellikle beklenen art\u0131\u015f\u0131, bir\u00e7ok disiplinde bilimsel faaliyetlerin yap\u0131lmas\u0131 i\u00e7in \u00f6nemli bir arg\u00fcman olarak s\u0131kl\u0131kla kullan\u0131lmaktad\u0131r. Bu demografik de\u011fi\u015fime ili\u015fkin temel i\u00e7g\u00f6r\u00fcler yayg\u0131nd\u0131r. Gerontolojiyle ilgilenen herkes, ya\u015fam beklentisinin her ge\u00e7en y\u0131l artt\u0131\u011f\u0131n\u0131, ya\u015fl\u0131 n\u00fcfusun ve bu n\u00fcfusun toplam n\u00fcfus i\u00e7indeki oran\u0131n\u0131n artt\u0131\u011f\u0131n\u0131, kad\u0131nlar\u0131n [&hellip;]<\/p>\n","protected":false},"author":1,"featured_media":0,"parent":0,"menu_order":0,"comment_status":"closed","ping_status":"closed","template":"","meta":{"_themeisle_gutenberg_block_has_review":false,"footnotes":""},"class_list":["post-526","page","type-page","status-publish","hentry"],"_links":{"self":[{"href":"http:\/\/maun-gerontoloji-bolumu.com\/index.php?rest_route=\/wp\/v2\/pages\/526","targetHints":{"allow":["GET"]}}],"collection":[{"href":"http:\/\/maun-gerontoloji-bolumu.com\/index.php?rest_route=\/wp\/v2\/pages"}],"about":[{"href":"http:\/\/maun-gerontoloji-bolumu.com\/index.php?rest_route=\/wp\/v2\/types\/page"}],"author":[{"embeddable":true,"href":"http:\/\/maun-gerontoloji-bolumu.com\/index.php?rest_route=\/wp\/v2\/users\/1"}],"replies":[{"embeddable":true,"href":"http:\/\/maun-gerontoloji-bolumu.com\/index.php?rest_route=%2Fwp%2Fv2%2Fcomments&post=526"}],"version-history":[{"count":10,"href":"http:\/\/maun-gerontoloji-bolumu.com\/index.php?rest_route=\/wp\/v2\/pages\/526\/revisions"}],"predecessor-version":[{"id":1274,"href":"http:\/\/maun-gerontoloji-bolumu.com\/index.php?rest_route=\/wp\/v2\/pages\/526\/revisions\/1274"}],"wp:attachment":[{"href":"http:\/\/maun-gerontoloji-bolumu.com\/index.php?rest_route=%2Fwp%2Fv2%2Fmedia&parent=526"}],"curies":[{"name":"wp","href":"https:\/\/api.w.org\/{rel}","templated":true}]}}