{"id":403,"date":"2025-04-06T20:09:36","date_gmt":"2025-04-06T17:09:36","guid":{"rendered":"http:\/\/maun-gerontoloji-bolumu.com\/?page_id=403"},"modified":"2025-04-12T10:42:21","modified_gmt":"2025-04-12T07:42:21","slug":"metin","status":"publish","type":"page","link":"http:\/\/maun-gerontoloji-bolumu.com\/?page_id=403","title":{"rendered":"Kariyer"},"content":{"rendered":"\n<div class=\"wp-block-columns alignwide is-layout-flex wp-container-core-columns-is-layout-0b577f17 wp-block-columns-is-layout-flex\" style=\"padding-top:0;padding-right:0;padding-bottom:0;padding-left:0\">\n<div class=\"wp-block-column is-vertically-aligned-center is-layout-flow wp-block-column-is-layout-flow\">\n<p class=\"has-text-align-left has-accent-color has-text-color has-link-color has-small-font-size wp-elements-d1513b238c727329bb17fef4c1259ed1\" style=\"font-style:normal;font-weight:600;text-transform:uppercase\">GERONTOLOG MESLE\u011e\u0130NDE KAR\u0130YER \u0130MKANLARI<\/p>\n\n\n\n<h2 class=\"wp-block-heading\">Kariyer Alanlar\u0131<\/h2>\n\n\n\n<p>Gerontologlar bug\u00fcn bak\u0131mevlerinde, huzurevlerinde ve kamu hastanelerinde g\u00f6revler \u00fcstlenmektedir. \u00d6n\u00fcm\u00fczdeki y\u0131llarda bunlara yeni kariyer alanlar\u0131n\u0131n da eklenece\u011fi varsay\u0131m\u0131ndan hareket edilmelidir. \u00c7\u00fcnk\u00fc n\u00fcfusumuzun ya\u015flanmas\u0131 nedeniyle, gerontologlar\u0131n bilgi ve tecr\u00fcbelerine ihtiya\u00e7 duyulacak alanlar\u0131n da artaca\u011f\u0131n\u0131 tahmin etmek zor de\u011fildir. <\/p>\n<\/div>\n\n\n\n<div class=\"wp-block-column is-layout-flow wp-block-column-is-layout-flow\" style=\"flex-basis:40%\">\n<figure class=\"wp-block-image size-full is-resized has-custom-border is-style-default\"><img loading=\"lazy\" decoding=\"async\" width=\"328\" height=\"219\" src=\"http:\/\/maun-gerontoloji-bolumu.com\/wp-content\/uploads\/2025\/04\/shutterstock_42486898.jpg\" alt=\"\" class=\"wp-image-407\" style=\"border-radius:8px;aspect-ratio:1;object-fit:contain;width:440px;height:auto\" srcset=\"http:\/\/maun-gerontoloji-bolumu.com\/wp-content\/uploads\/2025\/04\/shutterstock_42486898.jpg 328w, http:\/\/maun-gerontoloji-bolumu.com\/wp-content\/uploads\/2025\/04\/shutterstock_42486898-300x200.jpg 300w\" sizes=\"auto, (max-width: 328px) 100vw, 328px\" \/><\/figure>\n<\/div>\n<\/div>\n\n\n\n<p><\/p>\n","protected":false},"excerpt":{"rendered":"<p>GERONTOLOG MESLE\u011e\u0130NDE KAR\u0130YER \u0130MKANLARI Kariyer Alanlar\u0131 Gerontologlar bug\u00fcn bak\u0131mevlerinde, huzurevlerinde ve kamu hastanelerinde g\u00f6revler \u00fcstlenmektedir. \u00d6n\u00fcm\u00fczdeki y\u0131llarda bunlara yeni kariyer alanlar\u0131n\u0131n da eklenece\u011fi varsay\u0131m\u0131ndan hareket edilmelidir. \u00c7\u00fcnk\u00fc n\u00fcfusumuzun ya\u015flanmas\u0131 nedeniyle, gerontologlar\u0131n bilgi ve tecr\u00fcbelerine ihtiya\u00e7 duyulacak alanlar\u0131n da artaca\u011f\u0131n\u0131 tahmin etmek zor de\u011fildir.<\/p>\n","protected":false},"author":1,"featured_media":0,"parent":0,"menu_order":0,"comment_status":"closed","ping_status":"closed","template":"","meta":{"_themeisle_gutenberg_block_has_review":false,"footnotes":""},"class_list":["post-403","page","type-page","status-publish","hentry"],"_links":{"self":[{"href":"http:\/\/maun-gerontoloji-bolumu.com\/index.php?rest_route=\/wp\/v2\/pages\/403","targetHints":{"allow":["GET"]}}],"collection":[{"href":"http:\/\/maun-gerontoloji-bolumu.com\/index.php?rest_route=\/wp\/v2\/pages"}],"about":[{"href":"http:\/\/maun-gerontoloji-bolumu.com\/index.php?rest_route=\/wp\/v2\/types\/page"}],"author":[{"embeddable":true,"href":"http:\/\/maun-gerontoloji-bolumu.com\/index.php?rest_route=\/wp\/v2\/users\/1"}],"replies":[{"embeddable":true,"href":"http:\/\/maun-gerontoloji-bolumu.com\/index.php?rest_route=%2Fwp%2Fv2%2Fcomments&post=403"}],"version-history":[{"count":8,"href":"http:\/\/maun-gerontoloji-bolumu.com\/index.php?rest_route=\/wp\/v2\/pages\/403\/revisions"}],"predecessor-version":[{"id":1142,"href":"http:\/\/maun-gerontoloji-bolumu.com\/index.php?rest_route=\/wp\/v2\/pages\/403\/revisions\/1142"}],"wp:attachment":[{"href":"http:\/\/maun-gerontoloji-bolumu.com\/index.php?rest_route=%2Fwp%2Fv2%2Fmedia&parent=403"}],"curies":[{"name":"wp","href":"https:\/\/api.w.org\/{rel}","templated":true}]}}