{"id":375,"date":"2025-04-06T15:08:25","date_gmt":"2025-04-06T12:08:25","guid":{"rendered":"http:\/\/maun-gerontoloji-bolumu.com\/?page_id=375"},"modified":"2025-07-22T12:43:33","modified_gmt":"2025-07-22T09:43:33","slug":"gero","status":"publish","type":"page","link":"http:\/\/maun-gerontoloji-bolumu.com\/?page_id=375","title":{"rendered":"Gerontoloji"},"content":{"rendered":"\n<div id=\"wp-block-themeisle-blocks-advanced-columns-e1ca32e1\" class=\"wp-block-themeisle-blocks-advanced-columns alignfull has-1-columns has-desktop-equal-layout has-tablet-equal-layout has-mobile-equal-layout has-vertical-unset\"><div class=\"wp-block-themeisle-blocks-advanced-columns-overlay\"><\/div><div class=\"innerblocks-wrap\">\n<div id=\"wp-block-themeisle-blocks-advanced-column-65b5ef21\" class=\"wp-block-themeisle-blocks-advanced-column\">\n<h1 id=\"wp-block-themeisle-blocks-advanced-heading-bb0c2df7\" class=\"wp-block-themeisle-blocks-advanced-heading wp-block-themeisle-blocks-advanced-heading-bb0c2df7\"> Gerontoloji  <\/h1>\n\n\n\n<p class=\"has-text-align-center has-white-color has-text-color\">\u0130TGEVAKIF<\/p>\n\n\n\n<div class=\"wp-block-buttons is-horizontal is-content-justification-center is-layout-flex wp-container-core-buttons-is-layout-03627597 wp-block-buttons-is-layout-flex\">\n<div class=\"wp-block-button is-style-secondary\"><a class=\"wp-block-button__link has-text-color has-background has-link-color has-custom-font-size wp-element-button\" href=\"https:\/\/www.alparslan.edu.tr\/tr\" style=\"border-radius:0px;color:#1f2025;background-color:#ffb546;padding-top:20px;padding-right:40px;padding-bottom:20px;padding-left:40px;font-size:15px;font-style:normal;font-weight:700\">MAUN<\/a><\/div>\n<\/div>\n<\/div>\n<\/div><\/div>\n\n\n\n<div class=\"wp-block-columns alignwide is-layout-flex wp-container-core-columns-is-layout-0b577f17 wp-block-columns-is-layout-flex\" style=\"padding-top:0;padding-right:0;padding-bottom:0;padding-left:0\">\n<div class=\"wp-block-column is-vertically-aligned-center is-layout-flow wp-block-column-is-layout-flow\">\n<p class=\"has-text-align-left has-accent-color has-text-color has-link-color has-small-font-size wp-elements-2e6a6e2585b023e277f8db5eb5a141a0\" style=\"font-style:normal;font-weight:600;text-transform:uppercase\">Tan\u0131m<\/p>\n\n\n\n<h2 class=\"wp-block-heading\">Gerontoloji<\/h2>\n\n\n\n<p>Gerontolojinin amac\u0131, insan\u0131 i\u00e7ine do\u011fdu\u011fu ve i\u00e7inde ya\u015fad\u0131\u011f\u0131 sosyal yap\u0131larda ve bunlar\u0131n d\u0131\u015f\u0131nda cereyan eden, ya\u015flanmas\u0131na etki eden s\u00fcre\u00e7ler \u00fczerine ayd\u0131nlatarak, bilgisizli\u011finden do\u011fan zorunluluk ve feragatlerini gidermek veya \u00f6nlemektir. Bu nedenle <em>\u201cGerontoloji, ya\u015flanma ve ya\u015fl\u0131l\u0131\u011f\u0131n bedensel, psi\u015fik, sosyal, tarihsel ve k\u00fclt\u00fcrel y\u00f6nlerinin tarifi, a\u00e7\u0131klamas\u0131 ve modifikasyonu ile ilgilenmektedir. Ya\u015flanma a\u00e7\u0131s\u0131ndan \u00f6nemli ve ya\u015fl\u0131l\u0131\u011f\u0131 yap\u0131land\u0131ran \u00e7evre ve sosyal kurumlar da buna d\u00e2hildir\u201d<\/em>(Baltes &amp; Baltes, 1992, s.8).<\/p>\n<\/div>\n\n\n\n<div class=\"wp-block-column is-layout-flow wp-block-column-is-layout-flow\" style=\"flex-basis:40%\">\n<figure class=\"wp-block-image size-full has-custom-border is-style-default\"><img loading=\"lazy\" decoding=\"async\" width=\"640\" height=\"424\" src=\"http:\/\/maun-gerontoloji-bolumu.com\/wp-content\/uploads\/2025\/04\/definition.jpg\" alt=\"\" class=\"wp-image-706\" style=\"border-radius:8px;aspect-ratio:1;object-fit:cover\" srcset=\"http:\/\/maun-gerontoloji-bolumu.com\/wp-content\/uploads\/2025\/04\/definition.jpg 640w, http:\/\/maun-gerontoloji-bolumu.com\/wp-content\/uploads\/2025\/04\/definition-300x199.jpg 300w, http:\/\/maun-gerontoloji-bolumu.com\/wp-content\/uploads\/2025\/04\/definition-360x240.jpg 360w\" sizes=\"auto, (max-width: 640px) 100vw, 640px\" \/><\/figure>\n<\/div>\n<\/div>\n","protected":false},"excerpt":{"rendered":"<p>Tan\u0131m Gerontoloji Gerontolojinin amac\u0131, insan\u0131 i\u00e7ine do\u011fdu\u011fu ve i\u00e7inde ya\u015fad\u0131\u011f\u0131 sosyal yap\u0131larda ve bunlar\u0131n d\u0131\u015f\u0131nda cereyan eden, ya\u015flanmas\u0131na etki eden s\u00fcre\u00e7ler \u00fczerine ayd\u0131nlatarak, bilgisizli\u011finden do\u011fan zorunluluk ve feragatlerini gidermek veya \u00f6nlemektir. Bu nedenle \u201cGerontoloji, ya\u015flanma ve ya\u015fl\u0131l\u0131\u011f\u0131n bedensel, psi\u015fik, sosyal, tarihsel ve k\u00fclt\u00fcrel y\u00f6nlerinin tarifi, a\u00e7\u0131klamas\u0131 ve modifikasyonu ile ilgilenmektedir. [&hellip;]<\/p>\n","protected":false},"author":1,"featured_media":0,"parent":0,"menu_order":0,"comment_status":"closed","ping_status":"closed","template":"","meta":{"_themeisle_gutenberg_block_has_review":false,"footnotes":""},"class_list":["post-375","page","type-page","status-publish","hentry"],"_links":{"self":[{"href":"http:\/\/maun-gerontoloji-bolumu.com\/index.php?rest_route=\/wp\/v2\/pages\/375","targetHints":{"allow":["GET"]}}],"collection":[{"href":"http:\/\/maun-gerontoloji-bolumu.com\/index.php?rest_route=\/wp\/v2\/pages"}],"about":[{"href":"http:\/\/maun-gerontoloji-bolumu.com\/index.php?rest_route=\/wp\/v2\/types\/page"}],"author":[{"embeddable":true,"href":"http:\/\/maun-gerontoloji-bolumu.com\/index.php?rest_route=\/wp\/v2\/users\/1"}],"replies":[{"embeddable":true,"href":"http:\/\/maun-gerontoloji-bolumu.com\/index.php?rest_route=%2Fwp%2Fv2%2Fcomments&post=375"}],"version-history":[{"count":10,"href":"http:\/\/maun-gerontoloji-bolumu.com\/index.php?rest_route=\/wp\/v2\/pages\/375\/revisions"}],"predecessor-version":[{"id":1032,"href":"http:\/\/maun-gerontoloji-bolumu.com\/index.php?rest_route=\/wp\/v2\/pages\/375\/revisions\/1032"}],"wp:attachment":[{"href":"http:\/\/maun-gerontoloji-bolumu.com\/index.php?rest_route=%2Fwp%2Fv2%2Fmedia&parent=375"}],"curies":[{"name":"wp","href":"https:\/\/api.w.org\/{rel}","templated":true}]}}